{"id":12704,"date":"2025-06-25T18:54:04","date_gmt":"2025-06-25T18:54:04","guid":{"rendered":"https:\/\/cpivas.com\/je-veux-soutenir\/"},"modified":"2025-06-26T16:20:30","modified_gmt":"2025-06-26T16:20:30","slug":"i-want-to-help","status":"publish","type":"page","link":"https:\/\/cpivas.com\/en\/i-want-to-help\/","title":{"rendered":"I want to help"},"content":{"rendered":"<p>[et_pb_section fb_built=&#8221;1&#8243; _builder_version=&#8221;4.16&#8243; _module_preset=&#8221;default&#8221; use_background_color_gradient=&#8221;on&#8221; background_color_gradient_stops=&#8221;rgba(255,255,255,0.88) 0%|rgba(255,255,255,0.88) 100%&#8221; background_color_gradient_overlays_image=&#8221;on&#8221; background_color_gradient_start=&#8221;rgba(255,255,255,0.88)&#8221; background_color_gradient_end=&#8221;rgba(255,255,255,0.88)&#8221; background_image=&#8221;https:\/\/cpivas.com\/wp-content\/uploads\/2020\/10\/SignedEgalite_Gris.png&#8221; background_size=&#8221;contain&#8221; global_colors_info=&#8221;{}&#8221;][et_pb_row column_structure=&#8221;1_4,1_2,1_4&#8243; _builder_version=&#8221;4.16&#8243; _module_preset=&#8221;default&#8221; global_colors_info=&#8221;{}&#8221;][et_pb_column type=&#8221;1_4&#8243; _builder_version=&#8221;4.16&#8243; _module_preset=&#8221;default&#8221; global_colors_info=&#8221;{}&#8221;][\/et_pb_column][et_pb_column type=&#8221;1_2&#8243; _builder_version=&#8221;4.16&#8243; _module_preset=&#8221;default&#8221; global_colors_info=&#8221;{}&#8221;][et_pb_text _builder_version=&#8221;4.16&#8243; _module_preset=&#8221;default&#8221; header_font=&#8221;|||on|||||&#8221; header_font_size=&#8221;5em&#8221; header_line_height=&#8221;1.1em&#8221; header_font_size_tablet=&#8221;4em&#8221; header_font_size_phone=&#8221;&#8221; header_font_size_last_edited=&#8221;on|phone&#8221; global_colors_info=&#8221;{}&#8221;]<\/p>\n<h1 style=\"text-align: center;\">I WANT TO<br \/><span style=\"color: #23b9ac;\">HELP<\/span><\/h1>\n<p>[\/et_pb_text][\/et_pb_column][et_pb_column type=&#8221;1_4&#8243; _builder_version=&#8221;4.16&#8243; _module_preset=&#8221;default&#8221; global_colors_info=&#8221;{}&#8221;][\/et_pb_column][\/et_pb_row][\/et_pb_section][et_pb_section fb_built=&#8221;1&#8243; _builder_version=&#8221;4.16&#8243; _module_preset=&#8221;default&#8221; custom_padding=&#8221;2px||0px|||&#8221; locked=&#8221;off&#8221; global_colors_info=&#8221;{}&#8221;][et_pb_row column_structure=&#8221;1_5,3_5,1_5&#8243; _builder_version=&#8221;4.16&#8243; _module_preset=&#8221;default&#8221; custom_padding=&#8221;59px|||||&#8221; global_colors_info=&#8221;{}&#8221;][et_pb_column type=&#8221;1_5&#8243; _builder_version=&#8221;4.16&#8243; _module_preset=&#8221;default&#8221; global_colors_info=&#8221;{}&#8221;][\/et_pb_column][et_pb_column type=&#8221;3_5&#8243; _builder_version=&#8221;4.16&#8243; _module_preset=&#8221;default&#8221; global_colors_info=&#8221;{}&#8221;][et_pb_text _builder_version=&#8221;4.16&#8243; _module_preset=&#8221;default&#8221; header_2_font=&#8221;|||on|||||&#8221; header_2_font_size=&#8221;3em&#8221; global_colors_info=&#8221;{}&#8221;]<\/p>\n<h2 style=\"text-align: center;\">HOW TO HELP US<\/h2>\n<p style=\"text-align: center;\">If you are able, you can make a donation.<\/p>\n<p>[\/et_pb_text][et_pb_button button_url=&#8221;\/faire-un-don\/&#8221; button_text=&#8221;Donate&#8221; button_alignment=&#8221;center&#8221; _builder_version=&#8221;4.27.4&#8243; _module_preset=&#8221;default&#8221; custom_button=&#8221;on&#8221; button_text_color=&#8221;#ffffff&#8221; button_bg_color=&#8221;#e52533&#8243; button_font=&#8221;Oswald|||on|||||&#8221; button_use_icon=&#8221;off&#8221; global_colors_info=&#8221;{}&#8221;][\/et_pb_button][et_pb_text _builder_version=&#8221;4.27.4&#8243; _module_preset=&#8221;default&#8221; header_2_font=&#8221;|||on|||||&#8221; header_2_font_size=&#8221;3em&#8221; custom_padding=&#8221;4px||0px|||&#8221; global_colors_info=&#8221;{}&#8221;]<\/p>\n<p style=\"text-align: center;\">You can also take part in our citizen mobilization campaign to obtain funding that meets the needs of victims of sexual violence in Laval by signing and sending our form letter.<\/p>\n<p>[\/et_pb_text][\/et_pb_column][et_pb_column type=&#8221;1_5&#8243; _builder_version=&#8221;4.16&#8243; _module_preset=&#8221;default&#8221; global_colors_info=&#8221;{}&#8221;][\/et_pb_column][\/et_pb_row][\/et_pb_section][et_pb_section fb_built=&#8221;1&#8243; admin_label=&#8221;section&#8221; _builder_version=&#8221;4.16&#8243; custom_padding=&#8221;24px|||||&#8221; global_colors_info=&#8221;{}&#8221;][et_pb_row make_equal=&#8221;on&#8221; admin_label=&#8221;row&#8221; _builder_version=&#8221;4.27.4&#8243; background_size=&#8221;initial&#8221; background_position=&#8221;top_left&#8221; background_repeat=&#8221;repeat&#8221; hover_enabled=&#8221;0&#8243; global_colors_info=&#8221;{}&#8221; column_structure=&#8221;1_2,1_2&#8243; sticky_enabled=&#8221;0&#8243;][et_pb_column type=&#8221;1_2&#8243; _builder_version=&#8221;4.16&#8243; background_color=&#8221;#ffffff&#8221; custom_padding=&#8221;||40px||false|false&#8221; custom_css_main_element=&#8221;border-radius: 5px;&#8221; global_colors_info=&#8221;{}&#8221; custom_padding__hover=&#8221;|||&#8221;][et_pb_text _builder_version=&#8221;4.16&#8243; _module_preset=&#8221;default&#8221; header_2_font=&#8221;|||on|||||&#8221; header_2_font_size=&#8221;3em&#8221; global_colors_info=&#8221;{}&#8221;]<\/p>\n<p><strong style=\"font-size: 16px;\">Citizen mobilization campaign (petition template or letter to sign)<\/strong><\/p>\n<p><strong>Title: Sauvons le CPIVAS &#8211; Exigeons un financement \u00e0 la hauteur des besoins des personnes victimes de violence sexuelle \u00e0 Laval (in French only)<\/strong><\/p>\n<p><strong>Sample letter to sign or send to elected officials (paper or online petition)<\/strong><\/p>\n<p><strong>To local and national elected officials (list to come)<\/strong><\/p>\n<p>I would like to express my concern about the recent announcement of the suspension of the waiting list for adult victims of sexual violence at the CPIVAS in Laval.<\/p>\n<p>It is unacceptable that an essential organization should <strong>have to close its doors to new requests for lack of sufficient funding<\/strong>. After six months, victims have <strong>no access to any other specialized resources<\/strong> in Laval.<\/p>\n<p>I am asking you, as a citizen (or as an organization) to :<\/p>\n<ul>\n<li style=\"list-style-type: none;\">\n<ul>\n<li>Correct the regional inequity in funding for sexual violence resources<\/li>\n<li>Increase CPIVAS funding in a stable and predictable manner<\/li>\n<li>Reaffirm your commitment to the rights of victims through concrete actions<\/li>\n<\/ul>\n<\/li>\n<\/ul>\n<p>Sexual violence is a serious trauma. <strong>Closing the door of the CPIVAS to a victim is to revictimize her.<\/strong><\/p>\n<p>We demand immediate action.<\/p>\n<p>[\/et_pb_text][et_pb_button button_url=&#8221;\/wp-content\/uploads\/2025\/06\/CPIVAS-lettre.docx&#8221; button_text=&#8221;Download the letter&#8221; button_alignment=&#8221;center&#8221; _builder_version=&#8221;4.27.4&#8243; _module_preset=&#8221;default&#8221; custom_button=&#8221;on&#8221; button_text_color=&#8221;#ffffff&#8221; button_bg_color=&#8221;#e52533&#8243; button_font=&#8221;Oswald|||on|||||&#8221; button_use_icon=&#8221;off&#8221; hover_enabled=&#8221;0&#8243; global_colors_info=&#8221;{}&#8221; sticky_enabled=&#8221;0&#8243;][\/et_pb_button][\/et_pb_column][et_pb_column type=&#8221;1_2&#8243; _builder_version=&#8221;4.16&#8243; background_color=&#8221;#ffffff&#8221; custom_padding=&#8221;||40px||false|false&#8221; custom_css_main_element=&#8221;border-radius: 5px;&#8221; global_colors_info=&#8221;{}&#8221; custom_padding__hover=&#8221;|||&#8221;][et_pb_text _builder_version=&#8221;4.27.4&#8243; _module_preset=&#8221;default&#8221; global_colors_info=&#8221;{}&#8221; locked=&#8221;off&#8221;]<\/p>\n<h3>Coordonn\u00e9es des ministres, d\u00e9put\u00e9.e.s, maire et \u00e9lu.e municipale<\/h3>\n<p><strong>Monsieur Lionel Carmant<\/strong><br \/>Ministre responsable des Services sociaux<br \/>Courriel : <a href=\"mailto:ministre.responsable@msss.gouv.qc.ca\">ministre.responsable@msss.gouv.qc.ca<\/a><\/p>\n<p><strong>Madame Martine Biron<\/strong><br \/>Ministre responsable de la Condition f\u00e9minine<br \/>Courriel : <a href=\"mailto:ministre@mri.gouv.qc.ca\">ministre@mri.gouv.qc.ca<\/a><\/p>\n<p><strong>Madame C\u00e9line\u202fHaytayan<\/strong><br \/>Circonscription\u202f: LavaldesRapides (CAQ)<br \/>Courriel : <a href=\"mailto:Celine.Haytayan.LDR@assnat.qc.ca\">Celine.Haytayan.LDR@assnat.qc.ca<\/a><\/p>\n<p><strong>Monsieur Christopher\u202fSkeete<\/strong><br \/>Circonscription\u202f: SainteRose (CAQ)<br \/>Ministre d\u00e9l\u00e9gu\u00e9 \u00e0 l\u2019\u00c9conomie, \u00e0 la lutte contre le racisme et responsable de Laval<br \/>Courriel : <a href=\"mailto:Christopher.Skeete.SARO@assnat.qc.ca\">Christopher.Skeete.SARO@assnat.qc.ca<\/a><\/p>\n<p><strong>Madame Sona\u202fLakhoyan\u202fOlivier<\/strong><br \/>Circonscription\u202f: Chomedey (Parti lib\u00e9ral du Qu\u00e9bec)<br \/>Courriel : <a href=\"mailto:Sona.LakhoyanOlivier.CHOM@assnat.qc.ca\">Sona.LakhoyanOlivier.CHOM@assnat.qc.ca<\/a><\/p>\n<p><strong>Madame Alice\u202fAbouKhalil<\/strong><br \/>Circonscription\u202f: Fabre (CAQ)<br \/>Courriel : <a href=\"mailto:Alice.Abou-Khalil.FABR@assnat.qc.ca\">Alice.Abou-Khalil.FABR@assnat.qc.ca<\/a><\/p>\n<p><strong>Madame Val\u00e9rie\u202fSchmaltz<\/strong><br \/>Circonscription\u202f: Vimont (CAQ)<br \/>Courriel : <a href=\"mailto:Valerie.Schmaltz.VIMO@assnat.qc.ca\">Valerie.Schmaltz.VIMO@assnat.qc.ca<\/a><\/p>\n<p><strong>Monsieur St\u00e9phane Boyer<\/strong><br \/>Maire de Laval<br \/>Courriel : <a href=\"mailto:bdm.laval@laval.ca\">bdm.laval@laval.ca<\/a><\/p>\n<p><strong>Madame Sandra El Helou<\/strong><br \/>Conseill\u00e8re municipale<br \/>Responsable de la Condition f\u00e9minine<br \/>Courriel\u00a0: <a href=\"mailto:s.el-helou@laval.ca\">s.el-helou@laval.ca<\/a><\/p>\n<p>[\/et_pb_text][\/et_pb_column][\/et_pb_row][\/et_pb_section][et_pb_section fb_built=&#8221;1&#8243; _builder_version=&#8221;4.21.0&#8243; _module_preset=&#8221;default&#8221; background_color=&#8221;#000000&#8243; custom_margin=&#8221;4%||||false|false&#8221; custom_padding=&#8221;||0px|||&#8221; saved_tabs=&#8221;all&#8221; global_colors_info=&#8221;{}&#8221;][et_pb_row column_structure=&#8221;1_4,1_4,1_4,1_4&#8243; _builder_version=&#8221;4.16&#8243; _module_preset=&#8221;default&#8221; collapsed=&#8221;off&#8221; global_colors_info=&#8221;{}&#8221;][et_pb_column type=&#8221;1_4&#8243; _builder_version=&#8221;4.16&#8243; _module_preset=&#8221;default&#8221; global_colors_info=&#8221;{}&#8221;][et_pb_image src=&#8221;https:\/\/cpivas.com\/wp-content\/uploads\/2025\/03\/CPIVAS-logo-40ans_horizontal-rouge-tagline-inverse.png&#8221; title_text=&#8221;CPIVAS-logo-40ans_horizontal-rouge-tagline-inverse&#8221; admin_label=&#8221;Image&#8221; _builder_version=&#8221;4.24.1&#8243; _module_preset=&#8221;default&#8221; background_size=&#8221;initial&#8221; width=&#8221;80%&#8221; global_colors_info=&#8221;{}&#8221;][\/et_pb_image][\/et_pb_column][et_pb_column type=&#8221;1_4&#8243; _builder_version=&#8221;4.16&#8243; _module_preset=&#8221;default&#8221; global_colors_info=&#8221;{}&#8221;][et_pb_text _builder_version=&#8221;4.16&#8243; _module_preset=&#8221;default&#8221; text_font=&#8221;|700|||||||&#8221; text_text_color=&#8221;#ffffff&#8221; link_text_color=&#8221;#e52533&#8243; header_3_font=&#8221;Oswald||||||||&#8221; header_3_text_color=&#8221;#ffffff&#8221; header_3_font_size=&#8221;1.5em&#8221; header_3_line_height=&#8221;1.1em&#8221; background_size=&#8221;initial&#8221; global_colors_info=&#8221;{}&#8221;]<\/p>\n<h3>Nos coordonn\u00e9es<\/h3>\n<p>T\u00e9l: (450) 669-9053<\/p>\n<p>Courriel: <a href=\"mailto:administration@cpivas.com\">administration@cpivas.com<\/a><\/p>\n<p><a href=\"mailto:administration@cpivas.com\">demandeaide@cpivas.com<\/a><\/p>\n<p>Lun. &#8211; Ven. de 8H30 \u00e0 17h00<\/p>\n<p><span style=\"color: #e52533;\">+1 888-933-9007<br \/><\/span><span style=\"color: #e52533;\">LIGNE D&#8217;URGENCE 24H\/7J<\/span><\/p>\n<h3>\u00a0<\/h3>\n<h3>Adresse postale<\/h3>\n<p>Casier postal 27543<br \/>Franchise pont viau<br \/>Laval, Qu\u00e9bec, H7G 4Y2<\/p>\n<p>[\/et_pb_text][et_pb_social_media_follow admin_label=&#8221;Social Media Follow&#8221; _builder_version=&#8221;4.16&#8243; _module_preset=&#8221;default&#8221; global_colors_info=&#8221;{}&#8221;][et_pb_social_media_follow_network social_network=&#8221;facebook&#8221; url=&#8221;https:\/\/www.facebook.com\/cpivas&#8221; _builder_version=&#8221;4.16&#8243; _module_preset=&#8221;default&#8221; background_color=&#8221;#3b5998&#8243; global_colors_info=&#8221;{}&#8221; follow_button=&#8221;off&#8221; url_new_window=&#8221;on&#8221;]facebook[\/et_pb_social_media_follow_network][et_pb_social_media_follow_network social_network=&#8221;instagram&#8221; url=&#8221;https:\/\/www.instagram.com\/cpivaslaval\/?hl=en&#8221; _builder_version=&#8221;4.16&#8243; _module_preset=&#8221;default&#8221; background_color=&#8221;#ea2c59&#8243; global_colors_info=&#8221;{}&#8221; follow_button=&#8221;off&#8221; url_new_window=&#8221;on&#8221;]instagram[\/et_pb_social_media_follow_network][et_pb_social_media_follow_network social_network=&#8221;linkedin&#8221; url=&#8221;https:\/\/www.linkedin.com\/company\/56472923\/&#8221; _builder_version=&#8221;4.16&#8243; _module_preset=&#8221;default&#8221; background_color=&#8221;#007bb6&#8243; global_colors_info=&#8221;{}&#8221; follow_button=&#8221;off&#8221; url_new_window=&#8221;on&#8221;]linkedin[\/et_pb_social_media_follow_network][\/et_pb_social_media_follow][\/et_pb_column][et_pb_column type=&#8221;1_4&#8243; _builder_version=&#8221;4.16&#8243; _module_preset=&#8221;default&#8221; global_colors_info=&#8221;{}&#8221;][et_pb_text _builder_version=&#8221;4.21.0&#8243; _module_preset=&#8221;default&#8221; text_font=&#8221;|700|||||||&#8221; text_text_color=&#8221;#ffffff&#8221; header_3_font=&#8221;Oswald||||||||&#8221; header_3_text_color=&#8221;#ffffff&#8221; header_3_font_size=&#8221;1.5em&#8221; header_3_line_height=&#8221;1.1em&#8221; header_4_font=&#8221;Oswald||||||||&#8221; header_4_text_color=&#8221;#ffffff&#8221; header_4_font_size=&#8221;1.2em&#8221; header_4_line_height=&#8221;1.1em&#8221; background_size=&#8221;initial&#8221; global_colors_info=&#8221;{}&#8221;]<\/p>\n<h4><a href=\"\/je-veux-de-laide\/\">Je veux de l&#8217;aide<\/a><\/h4>\n<h4><a href=\"\/services-aux-adultes\/\">Services aux adultes<\/a><\/h4>\n<h4><a href=\"\/services-aux-ados\/\">Services aux ados<\/a><\/h4>\n<h4><a href=\"\/services-aux-enfants\/\">Services aux enfants<\/a><\/h4>\n<h4><a href=\"\/services-aux-partenaires\/\">Services aux organismes et aux partenaires<\/a><\/h4>\n<h4><a href=\"\/je-veux-comprendre\/\">Je veux comprendre<\/a><\/h4>\n<h4><a href=\"\/mythes-et-prejuges\/\">Mythes et pr\u00e9jug\u00e9s<\/a><\/h4>\n<p>&nbsp;<\/p>\n<p>[\/et_pb_text][\/et_pb_column][et_pb_column type=&#8221;1_4&#8243; _builder_version=&#8221;4.16&#8243; _module_preset=&#8221;default&#8221; global_colors_info=&#8221;{}&#8221;][et_pb_text _builder_version=&#8221;4.21.0&#8243; _module_preset=&#8221;default&#8221; text_font=&#8221;|700|||||||&#8221; text_text_color=&#8221;#ffffff&#8221; header_3_font=&#8221;Oswald||||||||&#8221; header_3_text_color=&#8221;#ffffff&#8221; header_3_font_size=&#8221;1.5em&#8221; header_3_line_height=&#8221;1.1em&#8221; header_4_font=&#8221;Oswald||||||||&#8221; header_4_text_color=&#8221;#ffffff&#8221; header_4_font_size=&#8221;1.2em&#8221; header_4_line_height=&#8221;1.1em&#8221; background_size=&#8221;initial&#8221; custom_padding=&#8221;0px|||||&#8221; global_colors_info=&#8221;{}&#8221;]<\/p>\n<h4><a href=\"\/statistiques\/\">Statistiques<\/a><\/h4>\n<h4><a href=\"\/le-consentement\/\">Le consentement<\/a><\/h4>\n<h4><a href=\"\/devoilement\/\">D\u00e9voilement<\/a><\/h4>\n<h4><a href=\"\/ressources\/\">Ressources<\/a><\/h4>\n<h4><a href=\"\/documentation\/\">Documentation<\/a><\/h4>\n<h4><a href=\"\/je-veux-contribuer\/\">Je veux contribuer<\/a><\/h4>\n<h4><a href=\"\/notre-impact\/\">Notre impact<\/a><\/h4>\n<h4><a href=\"\/faire-un-don\/\">Faire un don<\/a><\/h4>\n<h4><a href=\"\/devenir-partenaire\/\">Devenir partenaire<\/a><\/h4>\n<h4><a href=\"\/devenir-membre\/\">Devenir membre<\/a><\/h4>\n<p><span style=\"font-weight: 400;\">T<\/span><span style=\"font-weight: 400;\">rouver<\/span><a href=\"https:\/\/cpivas.com\/wp-content\/uploads\/2023\/12\/Politique-sur-la-protection-des-renseignements-personnels-et-la-vie-privee.pdf\" target=\"_blank\" rel=\"noopener\"><span style=\"text-decoration: underline; color: #ffffff;\"><b><i> ici<\/i><\/b><\/span><\/a><span style=\"font-weight: 400;\"> notre Politique sur la protection des renseignements personnels et la vie priv\u00e9e.<\/span><\/p>\n<p>[\/et_pb_text][\/et_pb_column][\/et_pb_row][\/et_pb_section]<\/p>\n","protected":false},"excerpt":{"rendered":"<p>I WANT TOHELPHOW TO HELP US If you are able, you can make a donation.You can also take part in our citizen mobilization campaign to obtain funding that meets the [&hellip;]<\/p>\n","protected":false},"author":17,"featured_media":0,"parent":0,"menu_order":31,"comment_status":"closed","ping_status":"closed","template":"","meta":{"_et_pb_use_builder":"on","_et_pb_old_content":"","_et_gb_content_width":"","footnotes":""},"class_list":["post-12704","page","type-page","status-publish","hentry"],"aioseo_notices":[],"_links":{"self":[{"href":"https:\/\/cpivas.com\/en\/wp-json\/wp\/v2\/pages\/12704","targetHints":{"allow":["GET"]}}],"collection":[{"href":"https:\/\/cpivas.com\/en\/wp-json\/wp\/v2\/pages"}],"about":[{"href":"https:\/\/cpivas.com\/en\/wp-json\/wp\/v2\/types\/page"}],"author":[{"embeddable":true,"href":"https:\/\/cpivas.com\/en\/wp-json\/wp\/v2\/users\/17"}],"replies":[{"embeddable":true,"href":"https:\/\/cpivas.com\/en\/wp-json\/wp\/v2\/comments?post=12704"}],"version-history":[{"count":6,"href":"https:\/\/cpivas.com\/en\/wp-json\/wp\/v2\/pages\/12704\/revisions"}],"predecessor-version":[{"id":12732,"href":"https:\/\/cpivas.com\/en\/wp-json\/wp\/v2\/pages\/12704\/revisions\/12732"}],"wp:attachment":[{"href":"https:\/\/cpivas.com\/en\/wp-json\/wp\/v2\/media?parent=12704"}],"curies":[{"name":"wp","href":"https:\/\/api.w.org\/{rel}","templated":true}]}}