{"id":11716,"date":"2021-02-22T21:03:08","date_gmt":"2021-02-22T21:03:08","guid":{"rendered":"https:\/\/cpivas.com\/?page_id=11716"},"modified":"2021-03-05T20:18:29","modified_gmt":"2021-03-05T20:18:29","slug":"our-impact","status":"publish","type":"page","link":"https:\/\/cpivas.com\/en\/our-impact\/","title":{"rendered":"Our impact"},"content":{"rendered":"<p>[et_pb_section fb_built=&#8221;1&#8243; _builder_version=&#8221;4.6.5&#8243; _module_preset=&#8221;default&#8221; use_background_color_gradient=&#8221;on&#8221; background_color_gradient_start=&#8221;rgba(255,255,255,0.88)&#8221; background_color_gradient_end=&#8221;rgba(255,255,255,0.88)&#8221; background_color_gradient_overlays_image=&#8221;on&#8221; background_image=&#8221;https:\/\/cpivas.com\/wp-content\/uploads\/2020\/10\/SignedEgalite_Gris.png&#8221; background_size=&#8221;contain&#8221;][et_pb_row column_structure=&#8221;1_4,1_2,1_4&#8243; _builder_version=&#8221;4.6.5&#8243; _module_preset=&#8221;default&#8221;][et_pb_column type=&#8221;1_4&#8243; _builder_version=&#8221;4.6.5&#8243; _module_preset=&#8221;default&#8221;][\/et_pb_column][et_pb_column type=&#8221;1_2&#8243; _builder_version=&#8221;4.6.5&#8243; _module_preset=&#8221;default&#8221;][et_pb_text _builder_version=&#8221;4.7.7&#8243; _module_preset=&#8221;default&#8221; header_font=&#8221;|||on|||||&#8221; header_font_size=&#8221;5em&#8221; header_line_height=&#8221;1.1em&#8221; header_font_size_tablet=&#8221;4em&#8221; header_font_size_phone=&#8221;&#8221; header_font_size_last_edited=&#8221;on|phone&#8221;]<\/p>\n<h1 style=\"text-align: center;\">Our\u00a0<span style=\"color: #23b9ac;\">impact<\/span><\/h1>\n<p>[\/et_pb_text][\/et_pb_column][et_pb_column type=&#8221;1_4&#8243; _builder_version=&#8221;4.6.5&#8243; _module_preset=&#8221;default&#8221;][\/et_pb_column][\/et_pb_row][\/et_pb_section][et_pb_section fb_built=&#8221;1&#8243; _builder_version=&#8221;4.6.5&#8243; _module_preset=&#8221;default&#8221; custom_padding=&#8221;2px||0px|||&#8221; locked=&#8221;off&#8221;][et_pb_row column_structure=&#8221;1_5,3_5,1_5&#8243; _builder_version=&#8221;4.6.5&#8243; _module_preset=&#8221;default&#8221; custom_padding=&#8221;59px|||||&#8221;][et_pb_column type=&#8221;1_5&#8243; _builder_version=&#8221;4.6.5&#8243; _module_preset=&#8221;default&#8221;][\/et_pb_column][et_pb_column type=&#8221;3_5&#8243; _builder_version=&#8221;4.6.5&#8243; _module_preset=&#8221;default&#8221;][et_pb_text _builder_version=&#8221;4.7.7&#8243; _module_preset=&#8221;default&#8221; header_2_font=&#8221;|||on|||||&#8221; header_2_font_size=&#8221;3em&#8221;]<\/p>\n<h2 style=\"text-align: center;\">For 35 years<\/h2>\n<p style=\"text-align: center;\">We have helped support and empower victims of sexual violence in taking back control and power in their own lives. No matter their gender or age, we guide them in coping and taking care of themselves.<\/p>\n<p>[\/et_pb_text][\/et_pb_column][et_pb_column type=&#8221;1_5&#8243; _builder_version=&#8221;4.6.5&#8243; _module_preset=&#8221;default&#8221;][\/et_pb_column][\/et_pb_row][\/et_pb_section][et_pb_section fb_built=&#8221;1&#8243; admin_label=&#8221;section&#8221; _builder_version=&#8221;3.22&#8243; custom_padding=&#8221;24px|||||&#8221;][et_pb_row column_structure=&#8221;1_2,1_2&#8243; make_equal=&#8221;on&#8221; admin_label=&#8221;row&#8221; _builder_version=&#8221;4.6.5&#8243; background_size=&#8221;initial&#8221; background_position=&#8221;top_left&#8221; background_repeat=&#8221;repeat&#8221;][et_pb_column type=&#8221;1_2&#8243; _builder_version=&#8221;4.6.5&#8243; background_color=&#8221;#ffffff&#8221; custom_padding=&#8221;||40px||false|false&#8221; custom_css_main_element=&#8221;border-radius: 5px;&#8221; custom_padding__hover=&#8221;|||&#8221;][et_pb_text _builder_version=&#8221;4.7.7&#8243; _module_preset=&#8221;default&#8221; header_2_font=&#8221;|||on|||||&#8221; header_2_font_size=&#8221;3em&#8221;]<\/p>\n<p>Over the years, we have helped nearly 3,000 people through our counselling services. Of these, some were victims and others were relatives. Additionally, we have reached more than 20,000 teenagers ages 14 to 15 through diverse prevention activities and promotion of healthy and equal relationship models.<\/p>\n<p>Sexual violence represents a social calamity requiring everyone\u2019s attention.<\/p>\n<p>You have the responsibility and the power to act and build a violence-free society.<\/p>\n<p>[\/et_pb_text][et_pb_button button_url=&#8221;\/en\/make-a-donation\/&#8221; button_text=&#8221;Support our impact&#8221; _builder_version=&#8221;4.7.7&#8243; _module_preset=&#8221;default&#8221; custom_button=&#8221;on&#8221; button_text_color=&#8221;#ffffff&#8221; button_bg_color=&#8221;#e52533&#8243; button_font=&#8221;Oswald|||on|||||&#8221; button_use_icon=&#8221;off&#8221; hover_enabled=&#8221;0&#8243; sticky_enabled=&#8221;0&#8243;][\/et_pb_button][\/et_pb_column][et_pb_column type=&#8221;1_2&#8243; _builder_version=&#8221;3.25&#8243; custom_padding=&#8221;|||&#8221; custom_padding__hover=&#8221;|||&#8221;][et_pb_image src=&#8221;https:\/\/cpivas.com\/wp-content\/uploads\/2020\/11\/iStock-1163827605.jpg&#8221; title_text=&#8221;Contemplative elderly woman&#8221; _builder_version=&#8221;4.6.5&#8243; _module_preset=&#8221;default&#8221;][\/et_pb_image][\/et_pb_column][\/et_pb_row][\/et_pb_section][et_pb_section fb_built=&#8221;1&#8243; _builder_version=&#8221;4.6.5&#8243; _module_preset=&#8221;default&#8221; background_color=&#8221;#000000&#8243; custom_padding=&#8221;||0px|||&#8221; global_module=&#8221;11584&#8243; saved_tabs=&#8221;all&#8221; locked=&#8221;off&#8221;][et_pb_row column_structure=&#8221;1_4,1_4,1_4,1_4&#8243; _builder_version=&#8221;4.6.5&#8243; _module_preset=&#8221;default&#8221;][et_pb_column type=&#8221;1_4&#8243; _builder_version=&#8221;4.6.5&#8243; _module_preset=&#8221;default&#8221;][et_pb_image src=&#8221;https:\/\/cpivas.com\/wp-content\/uploads\/2020\/10\/CPIVAS_Logo_Rouge_AvcTaglineEmpile\u0301s_Blanc.png&#8221; title_text=&#8221;CPIVAS_Logo_Rouge_AvcTaglineEmpile\u0301s_Blanc&#8221; _builder_version=&#8221;4.6.5&#8243; _module_preset=&#8221;default&#8221; background_size=&#8221;initial&#8221; width=&#8221;80%&#8221;][\/et_pb_image][\/et_pb_column][et_pb_column type=&#8221;1_4&#8243; _builder_version=&#8221;4.6.5&#8243; _module_preset=&#8221;default&#8221;][et_pb_text _builder_version=&#8221;4.7.7&#8243; _module_preset=&#8221;default&#8221; text_font=&#8221;|700|||||||&#8221; text_text_color=&#8221;#ffffff&#8221; header_3_font=&#8221;Oswald||||||||&#8221; header_3_text_color=&#8221;#ffffff&#8221; header_3_font_size=&#8221;1.5em&#8221; header_3_line_height=&#8221;1.1em&#8221; background_size=&#8221;initial&#8221;]<\/p>\n<h3>Our contact details<\/h3>\n<p>Tel: 450-669-9053<\/p>\n<p>T\u00e9lec: (450) 669-1658<\/p>\n<p>Email:<br \/> <a style=\"color: #e52533;\" href=\"mailto:administration@cpivas.com\" target=\"_blank\" rel=\"noopener noreferrer\">administration@cpivas.com<\/a><\/p>\n<p><span>Mon &#8211; Fri<\/span> from 8am to 5pm<\/p>\n<p><span style=\"color: #e52533;\">+1 888-933-9007<br \/> <\/span><span style=\"color: #e52533;\">EMERGENCY LINE 24H\/7d<\/span><\/p>\n<h3><\/h3>\n<h3>Postal Address<\/h3>\n<p>Post office box 27543<br \/> Pont Viau franchise<br \/> Laval, Qu\u00e9bec, H7G 4Y2<\/p>\n<p>[\/et_pb_text][et_pb_social_media_follow _builder_version=&#8221;4.6.5&#8243; _module_preset=&#8221;default&#8221;][et_pb_social_media_follow_network social_network=&#8221;facebook&#8221; url=&#8221;https:\/\/www.facebook.com\/cpivas&#8221; _builder_version=&#8221;4.6.5&#8243; _module_preset=&#8221;default&#8221; background_color=&#8221;#3b5998&#8243; follow_button=&#8221;off&#8221; url_new_window=&#8221;on&#8221;]facebook[\/et_pb_social_media_follow_network][et_pb_social_media_follow_network social_network=&#8221;instagram&#8221; url=&#8221;https:\/\/www.instagram.com\/cpivaslaval\/?hl=en&#8221; _builder_version=&#8221;4.6.5&#8243; _module_preset=&#8221;default&#8221; background_color=&#8221;#ea2c59&#8243; follow_button=&#8221;off&#8221; url_new_window=&#8221;on&#8221;]instagram[\/et_pb_social_media_follow_network][et_pb_social_media_follow_network social_network=&#8221;linkedin&#8221; url=&#8221;https:\/\/www.linkedin.com\/company\/56472923\/&#8221; _builder_version=&#8221;4.6.5&#8243; _module_preset=&#8221;default&#8221; background_color=&#8221;#007bb6&#8243; follow_button=&#8221;off&#8221; url_new_window=&#8221;on&#8221;]linkedin[\/et_pb_social_media_follow_network][\/et_pb_social_media_follow][\/et_pb_column][et_pb_column type=&#8221;1_4&#8243; _builder_version=&#8221;4.6.5&#8243; _module_preset=&#8221;default&#8221;][et_pb_text _builder_version=&#8221;4.7.7&#8243; _module_preset=&#8221;default&#8221; text_font=&#8221;|700|||||||&#8221; text_text_color=&#8221;#ffffff&#8221; header_3_font=&#8221;Oswald||||||||&#8221; header_3_text_color=&#8221;#ffffff&#8221; header_3_font_size=&#8221;1.5em&#8221; header_3_line_height=&#8221;1.1em&#8221; header_4_font=&#8221;Oswald||||||||&#8221; header_4_text_color=&#8221;#ffffff&#8221; header_4_font_size=&#8221;1.2em&#8221; header_4_line_height=&#8221;1.1em&#8221; background_size=&#8221;initial&#8221;]<\/p>\n<h4><a href=\"\/en\/i-want-help\/\">I want help<\/a><\/h4>\n<h4><a href=\"\/en\/services-for-adults\/\">Services for adults<\/a><\/h4>\n<h4><a href=\"\/en\/services-for-adolescents\/\">Services for adolescents<\/a><\/h4>\n<h4><a href=\"\/en\/services-for-children\/\">Services for children<\/a><\/h4>\n<h4><a href=\"\/en\/services-for-schools\/\">Services for schools<\/a><\/h4>\n<h4><a href=\"\/en\/services-to-organizations-and-partners\/\">Services to organizations and partners<\/a><\/h4>\n<h4><a href=\"\/en\/i-want-to-understand\/\">I want to understand<\/a><\/h4>\n<h4><a href=\"\/en\/myths-and-biases\/\">Myths and biases<\/a><\/h4>\n<p>&nbsp;<\/p>\n<p>[\/et_pb_text][\/et_pb_column][et_pb_column type=&#8221;1_4&#8243; _builder_version=&#8221;4.6.5&#8243; _module_preset=&#8221;default&#8221;][et_pb_text _builder_version=&#8221;4.7.7&#8243; _module_preset=&#8221;default&#8221; text_font=&#8221;|700|||||||&#8221; text_text_color=&#8221;#ffffff&#8221; header_3_font=&#8221;Oswald||||||||&#8221; header_3_text_color=&#8221;#ffffff&#8221; header_3_font_size=&#8221;1.5em&#8221; header_3_line_height=&#8221;1.1em&#8221; header_4_font=&#8221;Oswald||||||||&#8221; header_4_text_color=&#8221;#ffffff&#8221; header_4_font_size=&#8221;1.2em&#8221; header_4_line_height=&#8221;1.1em&#8221; background_size=&#8221;initial&#8221; custom_padding=&#8221;0px|||||&#8221;]<\/p>\n<h4><a href=\"\/en\/statistics\/\">Statistics<\/a><\/h4>\n<h4><a href=\"\/en\/consent\/\">Consent<\/a><\/h4>\n<h4><a href=\"\/en\/disclosure\/\">Disclosure<\/a><\/h4>\n<h4><a href=\"\/en\/resources\/\">Resources<\/a><\/h4>\n<h4><a href=\"\/en\/references\/\">References<\/a><\/h4>\n<h4><a href=\"\/en\/i-want-to-contribute\/\">I want to contribute<\/a><\/h4>\n<h4><a href=\"\/en\/our-impact\">Our impact<\/a><\/h4>\n<h4><a href=\"\/en\/make-a-donation\/\">Make a donation<\/a><\/h4>\n<h4><a href=\"\/en\/partner-with-us\/\">Partner with us<\/a><\/h4>\n<h4><a href=\"\/en\/become-a-member\/\">Become a Member<\/a><\/h4>\n<p>&nbsp;<\/p>\n<p>[\/et_pb_text][\/et_pb_column][\/et_pb_row][\/et_pb_section]<\/p>\n","protected":false},"excerpt":{"rendered":"<p>Our\u00a0impactFor 35 years We have helped support and empower victims of sexual violence in taking back control and power in their own lives. No matter their gender or age, we [&hellip;]<\/p>\n","protected":false},"author":16,"featured_media":0,"parent":0,"menu_order":31,"comment_status":"closed","ping_status":"closed","template":"","meta":{"_et_pb_use_builder":"on","_et_pb_old_content":"<p>[et_pb_section fb_built=\"1\" _builder_version=\"4.6.5\" _module_preset=\"default\" use_background_color_gradient=\"on\" background_color_gradient_start=\"rgba(255,255,255,0.88)\" background_color_gradient_end=\"rgba(255,255,255,0.88)\" background_color_gradient_overlays_image=\"on\" background_image=\"http:\/\/cpivas.com\/wp-content\/uploads\/2020\/10\/SignedEgalite_Gris.png\" background_size=\"contain\"][et_pb_row column_structure=\"1_4,1_2,1_4\" _builder_version=\"4.6.5\" _module_preset=\"default\"][et_pb_column type=\"1_4\" _builder_version=\"4.6.5\" _module_preset=\"default\"][\/et_pb_column][et_pb_column type=\"1_2\" _builder_version=\"4.6.5\" _module_preset=\"default\"][et_pb_text _builder_version=\"4.6.5\" _module_preset=\"default\" header_font=\"|||on|||||\" header_font_size=\"5em\" header_line_height=\"1.1em\" header_font_size_tablet=\"4em\" header_font_size_phone=\"\" header_font_size_last_edited=\"on|phone\"]<\/p><h1 style=\"text-align: center;\">Notre<br \/><span style=\"color: #23b9ac;\">impact<\/span><\/h1><p>[\/et_pb_text][\/et_pb_column][et_pb_column type=\"1_4\" _builder_version=\"4.6.5\" _module_preset=\"default\"][\/et_pb_column][\/et_pb_row][\/et_pb_section][et_pb_section fb_built=\"1\" _builder_version=\"4.6.5\" _module_preset=\"default\" custom_padding=\"2px||0px|||\" locked=\"off\"][et_pb_row column_structure=\"1_5,3_5,1_5\" _builder_version=\"4.6.5\" _module_preset=\"default\" custom_padding=\"59px|||||\"][et_pb_column type=\"1_5\" _builder_version=\"4.6.5\" _module_preset=\"default\"][\/et_pb_column][et_pb_column type=\"3_5\" _builder_version=\"4.6.5\" _module_preset=\"default\"][et_pb_text _builder_version=\"4.6.5\" _module_preset=\"default\" header_2_font=\"|||on|||||\" header_2_font_size=\"3em\"]<\/p><h2 style=\"text-align: center;\">Depuis 35 ans<\/h2><p style=\"text-align: center;\">Nous contribuons \u00e0 soutenir et \u00e0 permettre aux victimes de violence sexuelle de reprendre du pouvoir sur leur vie. Ces personnes, qu\u2019elles soient des femmes, des hommes, des personnes non binaires, des ados ou des enfants apprennent ou r\u00e9apprennent \u00e0 prendre soin d\u2019elles et \u00e0 retrouver leur \u00e9quilibre.<\/p><p>[\/et_pb_text][\/et_pb_column][et_pb_column type=\"1_5\" _builder_version=\"4.6.5\" _module_preset=\"default\"][\/et_pb_column][\/et_pb_row][\/et_pb_section][et_pb_section fb_built=\"1\" admin_label=\"section\" _builder_version=\"3.22\" custom_padding=\"24px|||||\"][et_pb_row column_structure=\"1_2,1_2\" make_equal=\"on\" admin_label=\"row\" _builder_version=\"4.6.5\" background_size=\"initial\" background_position=\"top_left\" background_repeat=\"repeat\"][et_pb_column type=\"1_2\" _builder_version=\"4.6.5\" background_color=\"#ffffff\" custom_padding=\"||40px||false|false\" custom_css_main_element=\"border-radius: 5px;\" custom_padding__hover=\"|||\"][et_pb_text _builder_version=\"4.6.5\" _module_preset=\"default\" header_2_font=\"|||on|||||\" header_2_font_size=\"3em\"]<\/p><p>Au fil du temps, nous avons accompagn\u00e9 pr\u00e8s de 3 000 personnes, victimes ou proches de victimes de violence sexuelle par le biais de nos services d\u2019intervention. Plus de 20 000 jeunes \u00e2g\u00e9s entre 14 et 15 ans ont aussi b\u00e9n\u00e9fici\u00e9 de nos activit\u00e9s de pr\u00e9vention des violences sexuelles et de promotion de mod\u00e8les relationnels sains et \u00e9galitaires.<\/p><p>Parce que la violence sexuelle repr\u00e9sente un fl\u00e9au social qui requiert l'attention de chaque personne.<\/p><p>Parce que vous avez la responsabilit\u00e9 et le pouvoir de poser des gestes pour construire une soci\u00e9t\u00e9 sans violence.<\/p><p>[\/et_pb_text][et_pb_button button_text=\"Soutenez notre impact\" _builder_version=\"4.6.5\" _module_preset=\"default\" custom_button=\"on\" button_bg_color=\"#e52533\" button_bg_enable_color=\"on\" button_font=\"Oswald|||on|||||\" button_text_color=\"#ffffff\" button_use_icon=\"off\" button_url=\"\/faire-un-don\/\" hover_enabled=\"0\" sticky_enabled=\"0\"][\/et_pb_button][\/et_pb_column][et_pb_column type=\"1_2\" _builder_version=\"3.25\" custom_padding=\"|||\" custom_padding__hover=\"|||\"][et_pb_image src=\"http:\/\/cpivas.com\/wp-content\/uploads\/2020\/11\/iStock-1163827605.jpg\" title_text=\"Contemplative elderly woman\" _builder_version=\"4.6.5\" _module_preset=\"default\"][\/et_pb_image][\/et_pb_column][\/et_pb_row][\/et_pb_section][et_pb_section fb_built=\"1\" _builder_version=\"4.6.5\" _module_preset=\"default\" background_color=\"#000000\" custom_padding=\"||0px|||\" global_module=\"10751\" saved_tabs=\"all\"][et_pb_row column_structure=\"1_4,1_4,1_4,1_4\" _builder_version=\"4.6.5\" _module_preset=\"default\"][et_pb_column type=\"1_4\" _builder_version=\"4.6.5\" _module_preset=\"default\"][et_pb_image src=\"http:\/\/cpivas.com\/wp-content\/uploads\/2020\/10\/CPIVAS_Logo_Rouge_AvcTaglineEmpile\u0301s_Blanc.png\" title_text=\"CPIVAS_Logo_Rouge_AvcTaglineEmpile\u0301s_Blanc\" _builder_version=\"4.6.5\" _module_preset=\"default\" background_size=\"initial\" width=\"80%\"][\/et_pb_image][\/et_pb_column][et_pb_column type=\"1_4\" _builder_version=\"4.6.5\" _module_preset=\"default\"][et_pb_text _builder_version=\"4.6.5\" _module_preset=\"default\" text_font=\"|700|||||||\" text_text_color=\"#ffffff\" header_3_font=\"Oswald||||||||\" header_3_text_color=\"#ffffff\" header_3_font_size=\"1.5em\" header_3_line_height=\"1.1em\" background_size=\"initial\"]<\/p><h3>Nos coordonn\u00e9es<\/h3><p>Tel: 450-669-9053<\/p><p>Lun. - Ven. de 8H30 \u00e0 17h00<\/p><p><span style=\"color: #e52533;\">+1 888-933-9007<br \/><\/span><span style=\"color: #e52533;\">LIGNE D'URGENCE 24H\/7J<\/span><\/p><h3>\u00a0<\/h3><h3>Adresse postale<\/h3><p>Casier postal 27543<br \/>Franchise pont viau<br \/>Laval, Qu\u00e9bec, H7G 4Y2<\/p><p>[\/et_pb_text][\/et_pb_column][et_pb_column type=\"1_4\" _builder_version=\"4.6.5\" _module_preset=\"default\"][et_pb_text _builder_version=\"4.6.5\" _module_preset=\"default\" text_font=\"|700|||||||\" text_text_color=\"#ffffff\" header_3_font=\"Oswald||||||||\" header_3_text_color=\"#ffffff\" header_3_font_size=\"1.5em\" header_3_line_height=\"1.1em\" header_4_font=\"Oswald||||||||\" header_4_text_color=\"#ffffff\" header_4_font_size=\"1.2em\" header_4_line_height=\"1.1em\" background_size=\"initial\"]<\/p><h4><a href=\"\/je-veux-de-laide\/\">Je veux de l'aide<\/a><\/h4><h4><a href=\"\/services-aux-adultes\/\">Services aux adultes<\/a><\/h4><h4><a href=\"\/services-aux-ados\/\">Services aux ados<\/a><\/h4><h4><a href=\"\/services-aux-enfants\/\">Services aux enfants<\/a><\/h4><h4><a href=\"\/services-aux-ecoles\/\">Services aux \u00e9coles<\/a><\/h4><h4><a href=\"\/services-aux-partenaires\/\">Services aux organismes et aux partenaires<\/a><\/h4><h4><a href=\"\/je-veux-comprendre\/\">Je veux comprendre<\/a><\/h4><h4><a href=\"\/mythes-et-prejuges\/\">Mythes et pr\u00e9jug\u00e9s<\/a><\/h4><p>\u00a0<\/p><p>[\/et_pb_text][\/et_pb_column][et_pb_column type=\"1_4\" _builder_version=\"4.6.5\" _module_preset=\"default\"][et_pb_text _builder_version=\"4.6.5\" _module_preset=\"default\" text_font=\"|700|||||||\" text_text_color=\"#ffffff\" header_3_font=\"Oswald||||||||\" header_3_text_color=\"#ffffff\" header_3_font_size=\"1.5em\" header_3_line_height=\"1.1em\" header_4_font=\"Oswald||||||||\" header_4_text_color=\"#ffffff\" header_4_font_size=\"1.2em\" header_4_line_height=\"1.1em\" background_size=\"initial\" custom_padding=\"0px|||||\"]<\/p><h4><a href=\"\/statistiques\/\">Statistiques<\/a><\/h4><h4><a href=\"\/le-consentement\/\">Le consentement<\/a><\/h4><h4><a href=\"\/devoilement\/\">D\u00e9voilement<\/a><\/h4><h4><a href=\"\/ressources\/\">Ressources<\/a><\/h4><h4><a href=\"\/documentation\/\">Documentation<\/a><\/h4><h4><a href=\"\/je-veux-contribuer\/\">Je veux contribuer<\/a><\/h4><h4><a href=\"\/notre-impact\/\">Notre impact<\/a><\/h4><h4><a href=\"\/faire-un-don\/\">Faire un don<\/a><\/h4><h4><a href=\"\/devenir-partenaire\/\">Devenir partenaire<\/a><\/h4><h4><a href=\"\/devenir-membre\/\">Devenir membre<\/a><\/h4><p>\u00a0<\/p><p>[\/et_pb_text][\/et_pb_column][\/et_pb_row][\/et_pb_section]<\/p>","_et_gb_content_width":"","footnotes":""},"class_list":["post-11716","page","type-page","status-publish","hentry"],"aioseo_notices":[],"_links":{"self":[{"href":"https:\/\/cpivas.com\/en\/wp-json\/wp\/v2\/pages\/11716","targetHints":{"allow":["GET"]}}],"collection":[{"href":"https:\/\/cpivas.com\/en\/wp-json\/wp\/v2\/pages"}],"about":[{"href":"https:\/\/cpivas.com\/en\/wp-json\/wp\/v2\/types\/page"}],"author":[{"embeddable":true,"href":"https:\/\/cpivas.com\/en\/wp-json\/wp\/v2\/users\/16"}],"replies":[{"embeddable":true,"href":"https:\/\/cpivas.com\/en\/wp-json\/wp\/v2\/comments?post=11716"}],"version-history":[{"count":5,"href":"https:\/\/cpivas.com\/en\/wp-json\/wp\/v2\/pages\/11716\/revisions"}],"predecessor-version":[{"id":11874,"href":"https:\/\/cpivas.com\/en\/wp-json\/wp\/v2\/pages\/11716\/revisions\/11874"}],"wp:attachment":[{"href":"https:\/\/cpivas.com\/en\/wp-json\/wp\/v2\/media?parent=11716"}],"curies":[{"name":"wp","href":"https:\/\/api.w.org\/{rel}","templated":true}]}}