{"id":11704,"date":"2021-02-22T20:10:31","date_gmt":"2021-02-22T20:10:31","guid":{"rendered":"https:\/\/cpivas.com\/?page_id=11704"},"modified":"2025-07-17T01:52:12","modified_gmt":"2025-07-17T01:52:12","slug":"training","status":"publish","type":"page","link":"https:\/\/cpivas.com\/en\/training\/","title":{"rendered":"Training"},"content":{"rendered":"<p>[et_pb_section fb_built=&#8221;1&#8243; _builder_version=&#8221;4.16&#8243; _module_preset=&#8221;default&#8221; use_background_color_gradient=&#8221;on&#8221; background_color_gradient_stops=&#8221;rgba(255,255,255,0.88) 0%|rgba(255,255,255,0.88) 100%&#8221; background_color_gradient_overlays_image=&#8221;on&#8221; background_color_gradient_start=&#8221;rgba(255,255,255,0.88)&#8221; background_color_gradient_end=&#8221;rgba(255,255,255,0.88)&#8221; background_image=&#8221;https:\/\/cpivas.com\/wp-content\/uploads\/2020\/10\/SignedEgalite_Gris.png&#8221; background_size=&#8221;contain&#8221; global_colors_info=&#8221;{}&#8221;][et_pb_row _builder_version=&#8221;4.16&#8243; _module_preset=&#8221;default&#8221; global_colors_info=&#8221;{}&#8221;][et_pb_column type=&#8221;4_4&#8243; _builder_version=&#8221;4.16&#8243; _module_preset=&#8221;default&#8221; global_colors_info=&#8221;{}&#8221;][et_pb_text _builder_version=&#8221;4.16&#8243; _module_preset=&#8221;default&#8221; header_font=&#8221;|||on|||||&#8221; header_font_size=&#8221;4.3em&#8221; header_line_height=&#8221;1.1em&#8221; header_font_size_tablet=&#8221;4em&#8221; header_font_size_phone=&#8221;3.5em&#8221; header_font_size_last_edited=&#8221;on|phone&#8221; global_colors_info=&#8221;{}&#8221;]<\/p>\n<h1 style=\"text-align: center;\"><span style=\"color: #97559e;\"><b>Training<\/b><\/span><\/h1>\n<p>[\/et_pb_text][\/et_pb_column][\/et_pb_row][\/et_pb_section][et_pb_section fb_built=&#8221;1&#8243; _builder_version=&#8221;4.16&#8243; _module_preset=&#8221;default&#8221; custom_padding=&#8221;2px||0px|||&#8221; locked=&#8221;off&#8221; global_colors_info=&#8221;{}&#8221;][et_pb_row column_structure=&#8221;1_5,3_5,1_5&#8243; _builder_version=&#8221;4.16&#8243; _module_preset=&#8221;default&#8221; custom_padding=&#8221;59px|||||&#8221; global_colors_info=&#8221;{}&#8221;][et_pb_column type=&#8221;1_5&#8243; _builder_version=&#8221;4.16&#8243; _module_preset=&#8221;default&#8221; global_colors_info=&#8221;{}&#8221;][\/et_pb_column][et_pb_column type=&#8221;3_5&#8243; _builder_version=&#8221;4.16&#8243; _module_preset=&#8221;default&#8221; global_colors_info=&#8221;{}&#8221;][et_pb_text _builder_version=&#8221;4.16&#8243; _module_preset=&#8221;default&#8221; header_2_font=&#8221;|||on|||||&#8221; header_2_font_size=&#8221;3em&#8221; global_colors_info=&#8221;{}&#8221;]<\/p>\n<p>CPIVAS detains crucial expertise in matters of sexual violence, both in terms of prevention and intervention with victims and their families. We offer training to various communities and institutional counsellors and facilitators. These various contents will enable you to learn about the issue, develop skills and abilities, and improve your interventions.<\/p>\n<p>[\/et_pb_text][\/et_pb_column][et_pb_column type=&#8221;1_5&#8243; _builder_version=&#8221;4.16&#8243; _module_preset=&#8221;default&#8221; global_colors_info=&#8221;{}&#8221;][\/et_pb_column][\/et_pb_row][\/et_pb_section][et_pb_section fb_built=&#8221;1&#8243; admin_label=&#8221;section&#8221; _builder_version=&#8221;4.16&#8243; custom_padding=&#8221;24px|||||&#8221; global_colors_info=&#8221;{}&#8221;][et_pb_row column_structure=&#8221;1_2,1_2&#8243; make_equal=&#8221;on&#8221; admin_label=&#8221;row&#8221; _builder_version=&#8221;4.16&#8243; background_size=&#8221;initial&#8221; background_position=&#8221;top_left&#8221; background_repeat=&#8221;repeat&#8221; global_colors_info=&#8221;{}&#8221;][et_pb_column type=&#8221;1_2&#8243; _builder_version=&#8221;4.16&#8243; background_color=&#8221;#ffffff&#8221; custom_padding=&#8221;||40px||false|false&#8221; custom_css_main_element=&#8221;border-radius: 5px;&#8221; global_colors_info=&#8221;{}&#8221; custom_padding__hover=&#8221;|||&#8221;][et_pb_text _builder_version=&#8221;4.16&#8243; _module_preset=&#8221;default&#8221; header_2_font=&#8221;|||on|||||&#8221; header_2_font_size=&#8221;3em&#8221; global_colors_info=&#8221;{}&#8221;]<\/p>\n<p>Our content is divided into 3 segments:<\/p>\n<p><strong>1 Introduction <\/strong><\/p>\n<ul>\n<li>History of the feminist movement in Qu\u00e9bec<\/li>\n<li>Social context<\/li>\n<li>Definitions<\/li>\n<li>Sexual consent<\/li>\n<li>Myths and beliefs<\/li>\n<li>Disclosure<\/li>\n<\/ul>\n<p><strong>2 Consequences<\/strong><\/p>\n<ul>\n<li>Overview of the situation<\/li>\n<li>Origins of the consequences<\/li>\n<li>Directory of consequences<\/li>\n<li>Protective and aggravating factors<\/li>\n<li>Diversity\u2019s special circumstances<\/li>\n<\/ul>\n<p><strong>3 Intervention and prevention<\/strong><\/p>\n<ul>\n<li>Feminist intervention<\/li>\n<li>Helpful and harmful attitudes<\/li>\n<li>Welcoming and accompanying a disclosure<\/li>\n<li>Reporting a child to the DYP<\/li>\n<li>Help and support resources<\/li>\n<li>Therapeutic alliance<\/li>\n<li>Trauma resolution<\/li>\n<li>Prevention: risk and protection factors<\/li>\n<li>Prevention objectives and strategies<\/li>\n<\/ul>\n<p>A<span>ll our online training courses can be found at this address: <a href=\"http:\/\/formations.cpivas.com\">http:\/\/<\/a><\/span><a href=\"http:\/\/formations.cpivas.com\"><span class=\"gmail-notranslate\">formations.cpivas.com<\/span><\/a><\/p>\n<p>For more information, contact us at <a href=\"mailto:administration@cpivas.com\">administration@cpivas.com<\/a><\/p>\n<p>[\/et_pb_text][\/et_pb_column][et_pb_column type=&#8221;1_2&#8243; _builder_version=&#8221;4.16&#8243; custom_padding=&#8221;|||&#8221; global_colors_info=&#8221;{}&#8221; custom_padding__hover=&#8221;|||&#8221;][et_pb_image src=&#8221;https:\/\/cpivas.com\/wp-content\/uploads\/2020\/11\/iStock-1150572144.jpg&#8221; title_text=&#8221;Businesswoman in smart casuals standing in office&#8221; _builder_version=&#8221;4.16&#8243; _module_preset=&#8221;default&#8221; global_colors_info=&#8221;{}&#8221;][\/et_pb_image][\/et_pb_column][\/et_pb_row][\/et_pb_section][et_pb_section fb_built=&#8221;1&#8243; _builder_version=&#8221;4.6.5&#8243; _module_preset=&#8221;default&#8221; background_color=&#8221;#000000&#8243; custom_padding=&#8221;||0px|||&#8221; global_module=&#8221;11584&#8243; saved_tabs=&#8221;all&#8221; locked=&#8221;off&#8221; global_colors_info=&#8221;{}&#8221;][et_pb_row column_structure=&#8221;1_4,1_4,1_4,1_4&#8243; _builder_version=&#8221;4.16&#8243; _module_preset=&#8221;default&#8221; global_colors_info=&#8221;{}&#8221;][et_pb_column type=&#8221;1_4&#8243; _builder_version=&#8221;4.16&#8243; _module_preset=&#8221;default&#8221; global_colors_info=&#8221;{}&#8221;][et_pb_image src=&#8221;https:\/\/cpivas.com\/wp-content\/uploads\/2025\/03\/CPIVAS-logo-40ans_horizontal-rouge-tagline-inverse.png&#8221; title_text=&#8221;CPIVAS-logo-40ans_horizontal-rouge-tagline-inverse&#8221; _builder_version=&#8221;4.24.1&#8243; _module_preset=&#8221;default&#8221; background_size=&#8221;initial&#8221; width=&#8221;80%&#8221; global_colors_info=&#8221;{}&#8221;][\/et_pb_image][\/et_pb_column][et_pb_column type=&#8221;1_4&#8243; _builder_version=&#8221;4.16&#8243; _module_preset=&#8221;default&#8221; global_colors_info=&#8221;{}&#8221;][et_pb_text _builder_version=&#8221;4.16&#8243; _module_preset=&#8221;default&#8221; text_font=&#8221;|700|||||||&#8221; text_text_color=&#8221;#ffffff&#8221; header_3_font=&#8221;Oswald||||||||&#8221; header_3_text_color=&#8221;#ffffff&#8221; header_3_font_size=&#8221;1.5em&#8221; header_3_line_height=&#8221;1.1em&#8221; background_size=&#8221;initial&#8221; global_colors_info=&#8221;{}&#8221;]<\/p>\n<h3>Contact Information<\/h3>\n<p>Phone: 450-669-9053<\/p>\n<p>Email:<br \/><a style=\"color: #e52533;\" href=\"mailto:administration@cpivas.com\" target=\"_blank\" rel=\"noopener noreferrer\">administration@cpivas.com<\/a><\/p>\n<p><a style=\"color: #e52533;\" href=\"mailto:administration@cpivas.com\" target=\"_blank\" rel=\"noopener noreferrer\">demandeaide@cpivas.com<\/a><\/p>\n<p><span>Mon &#8211; Fri<\/span> from 8am to 5pm<\/p>\n<p><span style=\"color: #e52533;\">+1 888-933-9007<br \/><\/span><span style=\"color: #e52533;\">EMERGENCY LINE 24H\/7d<\/span><\/p>\n<h3><\/h3>\n<h3>Postal Address<\/h3>\n<p>Post office box 27543<br \/>Pont Viau franchise<br \/>Laval, Qu\u00e9bec, H7G 4Y2<\/p>\n<p>[\/et_pb_text][et_pb_social_media_follow _builder_version=&#8221;4.16&#8243; _module_preset=&#8221;default&#8221; global_colors_info=&#8221;{}&#8221;][et_pb_social_media_follow_network social_network=&#8221;facebook&#8221; url=&#8221;https:\/\/www.facebook.com\/cpivas&#8221; _builder_version=&#8221;4.16&#8243; _module_preset=&#8221;default&#8221; background_color=&#8221;#3b5998&#8243; global_colors_info=&#8221;{}&#8221; follow_button=&#8221;off&#8221; url_new_window=&#8221;on&#8221;]facebook[\/et_pb_social_media_follow_network][et_pb_social_media_follow_network social_network=&#8221;instagram&#8221; url=&#8221;https:\/\/www.instagram.com\/cpivaslaval\/?hl=en&#8221; _builder_version=&#8221;4.16&#8243; _module_preset=&#8221;default&#8221; background_color=&#8221;#ea2c59&#8243; global_colors_info=&#8221;{}&#8221; follow_button=&#8221;off&#8221; url_new_window=&#8221;on&#8221;]instagram[\/et_pb_social_media_follow_network][et_pb_social_media_follow_network social_network=&#8221;linkedin&#8221; url=&#8221;https:\/\/www.linkedin.com\/company\/56472923\/&#8221; _builder_version=&#8221;4.16&#8243; _module_preset=&#8221;default&#8221; background_color=&#8221;#007bb6&#8243; global_colors_info=&#8221;{}&#8221; follow_button=&#8221;off&#8221; url_new_window=&#8221;on&#8221;]linkedin[\/et_pb_social_media_follow_network][\/et_pb_social_media_follow][\/et_pb_column][et_pb_column type=&#8221;1_4&#8243; _builder_version=&#8221;4.16&#8243; _module_preset=&#8221;default&#8221; global_colors_info=&#8221;{}&#8221;][et_pb_text _builder_version=&#8221;4.21.0&#8243; _module_preset=&#8221;default&#8221; text_font=&#8221;|700|||||||&#8221; text_text_color=&#8221;#ffffff&#8221; header_3_font=&#8221;Oswald||||||||&#8221; header_3_text_color=&#8221;#ffffff&#8221; header_3_font_size=&#8221;1.5em&#8221; header_3_line_height=&#8221;1.1em&#8221; header_4_font=&#8221;Oswald||||||||&#8221; header_4_text_color=&#8221;#ffffff&#8221; header_4_font_size=&#8221;1.2em&#8221; header_4_line_height=&#8221;1.1em&#8221; background_size=&#8221;initial&#8221; global_colors_info=&#8221;{}&#8221;]<\/p>\n<h4><a href=\"\/en\/i-want-help\/\">I want help<\/a><\/h4>\n<h4><a href=\"\/en\/services-for-adults\/\">Services for adults<\/a><\/h4>\n<h4><a href=\"\/en\/services-for-adolescents\/\">Services for adolescents<\/a><\/h4>\n<h4><a href=\"\/en\/services-for-children\/\">Services for children<\/a><\/h4>\n<h4><a href=\"\/en\/services-to-organizations-and-partners\/\">Services to organizations and partners<\/a><\/h4>\n<h4><a href=\"\/en\/i-want-to-understand\/\">I want to understand<\/a><\/h4>\n<h4><a href=\"\/en\/myths-and-biases\/\">Myths and biases<\/a><\/h4>\n<p>&nbsp;<\/p>\n<p>[\/et_pb_text][\/et_pb_column][et_pb_column type=&#8221;1_4&#8243; _builder_version=&#8221;4.16&#8243; _module_preset=&#8221;default&#8221; global_colors_info=&#8221;{}&#8221;][et_pb_text _builder_version=&#8221;4.21.0&#8243; _module_preset=&#8221;default&#8221; text_font=&#8221;|700|||||||&#8221; text_text_color=&#8221;#ffffff&#8221; header_3_font=&#8221;Oswald||||||||&#8221; header_3_text_color=&#8221;#ffffff&#8221; header_3_font_size=&#8221;1.5em&#8221; header_3_line_height=&#8221;1.1em&#8221; header_4_font=&#8221;Oswald||||||||&#8221; header_4_text_color=&#8221;#ffffff&#8221; header_4_font_size=&#8221;1.2em&#8221; header_4_line_height=&#8221;1.1em&#8221; background_size=&#8221;initial&#8221; custom_padding=&#8221;0px|||||&#8221; global_colors_info=&#8221;{}&#8221;]<\/p>\n<h4><a href=\"\/en\/statistics\/\">Statistics<\/a><\/h4>\n<h4><a href=\"\/en\/consent\/\">Consent<\/a><\/h4>\n<h4><a href=\"\/en\/disclosure\/\">Disclosure<\/a><\/h4>\n<h4><a href=\"\/en\/resources\/\">Resources<\/a><\/h4>\n<h4><a href=\"\/en\/references\/\">References<\/a><\/h4>\n<h4><a href=\"\/en\/i-want-to-contribute\/\">I want to contribute<\/a><\/h4>\n<h4><a href=\"\/en\/our-impact\">Our impact<\/a><\/h4>\n<h4><a href=\"\/en\/make-a-donation\/\">Make a donation<\/a><\/h4>\n<h4><a href=\"\/en\/partner-with-us\/\">Partner with us<\/a><\/h4>\n<h4><a href=\"\/en\/become-a-member\/\">Become a Member<\/a><\/h4>\n<p><span style=\"font-weight: 400;\">Find our Policy on the protection of personal information and privacy <\/span><b><i><span style=\"text-decoration: underline; color: #ffffff;\"><a href=\"https:\/\/cpivas.com\/wp-content\/uploads\/2023\/12\/Personal-Information-Protection-and-Privacy-Policy.pdf\" target=\"_blank\" rel=\"noopener\" style=\"color: #ffffff; text-decoration: underline;\">here<\/a><\/span><span style=\"font-weight: 400;\">.<\/span><\/i><\/b><\/p>\n<p>&nbsp;<\/p>\n<p>[\/et_pb_text][\/et_pb_column][\/et_pb_row][\/et_pb_section]<\/p>\n","protected":false},"excerpt":{"rendered":"<p>TrainingCPIVAS detains crucial expertise in matters of sexual violence, both in terms of prevention and intervention with victims and their families. We offer training to various communities and institutional counsellors [&hellip;]<\/p>\n","protected":false},"author":16,"featured_media":0,"parent":0,"menu_order":27,"comment_status":"closed","ping_status":"closed","template":"","meta":{"_et_pb_use_builder":"on","_et_pb_old_content":"<p>[et_pb_section fb_built=\"1\" _builder_version=\"4.6.5\" _module_preset=\"default\" use_background_color_gradient=\"on\" background_color_gradient_start=\"rgba(255,255,255,0.88)\" background_color_gradient_end=\"rgba(255,255,255,0.88)\" background_color_gradient_overlays_image=\"on\" background_image=\"http:\/\/cpivas.com\/wp-content\/uploads\/2020\/10\/SignedEgalite_Gris.png\" background_size=\"contain\"][et_pb_row _builder_version=\"4.6.5\" _module_preset=\"default\"][et_pb_column type=\"4_4\" _builder_version=\"4.6.5\" _module_preset=\"default\"][et_pb_text _builder_version=\"4.6.5\" _module_preset=\"default\" header_font=\"|||on|||||\" header_font_size=\"4.3em\" header_line_height=\"1.1em\" header_font_size_tablet=\"4em\" header_font_size_phone=\"3.5em\" header_font_size_last_edited=\"on|phone\"]<\/p><h1 style=\"text-align: center;\"><span style=\"color: #97559e;\">Formations<\/span><\/h1><p>[\/et_pb_text][\/et_pb_column][\/et_pb_row][\/et_pb_section][et_pb_section fb_built=\"1\" _builder_version=\"4.6.5\" _module_preset=\"default\" custom_padding=\"2px||0px|||\" locked=\"off\"][et_pb_row column_structure=\"1_5,3_5,1_5\" _builder_version=\"4.6.5\" _module_preset=\"default\" custom_padding=\"59px|||||\"][et_pb_column type=\"1_5\" _builder_version=\"4.6.5\" _module_preset=\"default\"][\/et_pb_column][et_pb_column type=\"3_5\" _builder_version=\"4.6.5\" _module_preset=\"default\"][et_pb_text _builder_version=\"4.6.5\" _module_preset=\"default\" header_2_font=\"|||on|||||\" header_2_font_size=\"3em\"]<\/p><p style=\"text-align: center;\">Le CPIVAS d\u00e9tient une expertise en mati\u00e8re d\u2019intervention aupr\u00e8s des personnes victimes de violence sexuelle, ainsi que des proches. Afin d\u2019assurer un soutien ad\u00e9quat et adapt\u00e9 \u00e0 leurs besoins, nous offrons de la formation aux diff\u00e9rents intervenants des milieux communautaires et institutionnels. Nos activit\u00e9s de d\u00e9veloppement permettent d\u2019acqu\u00e9rir des connaissances sur la probl\u00e9matique de la violence sexuelle et de d\u00e9velopper des comp\u00e9tences pour offrir des services inspir\u00e9s des meilleures pratiques en mati\u00e8re d\u2019intervention en violence sexuelle.<\/p><p>[\/et_pb_text][\/et_pb_column][et_pb_column type=\"1_5\" _builder_version=\"4.6.5\" _module_preset=\"default\"][\/et_pb_column][\/et_pb_row][\/et_pb_section][et_pb_section fb_built=\"1\" admin_label=\"section\" _builder_version=\"3.22\" custom_padding=\"24px|||||\"][et_pb_row column_structure=\"1_2,1_2\" make_equal=\"on\" admin_label=\"row\" _builder_version=\"4.6.5\" background_size=\"initial\" background_position=\"top_left\" background_repeat=\"repeat\"][et_pb_column type=\"1_2\" _builder_version=\"4.6.5\" background_color=\"#ffffff\" custom_padding=\"||40px||false|false\" custom_css_main_element=\"border-radius: 5px;\" custom_padding__hover=\"|||\"][et_pb_text _builder_version=\"4.6.5\" _module_preset=\"default\" header_2_font=\"|||on|||||\" header_2_font_size=\"3em\"]<\/p><p style=\"text-align: left;\">Les formations offertes abordent diff\u00e9rents th\u00e8mes tels que :<\/p><ul><li style=\"text-align: left;\">Les mythes et les pr\u00e9jug\u00e9s au sujet des violences sexuelles<\/li><li style=\"text-align: left;\">Les cons\u00e9quences des agressions sexuelles chez les victimes<\/li><li style=\"text-align: left;\">L\u2019intervention et le soutien aupr\u00e8s des victimes<\/li><li style=\"text-align: left;\">L\u2019aide aux proches<\/li><\/ul><p style=\"text-align: left;\">Le contenu de nos formations, ainsi que la dur\u00e9e de celles-ci sont adapt\u00e9s afin de r\u00e9pondre aux besoins sp\u00e9cifiques de chaque milieu.<\/p><p style=\"text-align: left;\">Vous souhaitez discuter avec nous de vos besoins de formation en mati\u00e8re de violence sexuelle? Contactez-nous au <strong>450 669-9053<\/strong> ou \u00e0 <a href=\"mailto:administration@cpivas.com\" target=\"_blank\" rel=\"noopener noreferrer\">administration@cpivas.com <\/a><\/p><p>[\/et_pb_text][\/et_pb_column][et_pb_column type=\"1_2\" _builder_version=\"3.25\" custom_padding=\"|||\" custom_padding__hover=\"|||\"][et_pb_image src=\"http:\/\/cpivas.com\/wp-content\/uploads\/2020\/11\/iStock-1150572144.jpg\" title_text=\"Businesswoman in smart casuals standing in office\" _builder_version=\"4.6.5\" _module_preset=\"default\"][\/et_pb_image][\/et_pb_column][\/et_pb_row][\/et_pb_section][et_pb_section fb_built=\"1\" _builder_version=\"4.6.5\" _module_preset=\"default\" background_color=\"#000000\" custom_padding=\"||0px|||\" global_module=\"10751\" saved_tabs=\"all\"][et_pb_row column_structure=\"1_4,1_4,1_4,1_4\" _builder_version=\"4.6.5\" _module_preset=\"default\"][et_pb_column type=\"1_4\" _builder_version=\"4.6.5\" _module_preset=\"default\"][et_pb_image src=\"http:\/\/cpivas.com\/wp-content\/uploads\/2020\/10\/CPIVAS_Logo_Rouge_AvcTaglineEmpile\u0301s_Blanc.png\" title_text=\"CPIVAS_Logo_Rouge_AvcTaglineEmpile\u0301s_Blanc\" _builder_version=\"4.6.5\" _module_preset=\"default\" background_size=\"initial\" width=\"80%\"][\/et_pb_image][\/et_pb_column][et_pb_column type=\"1_4\" _builder_version=\"4.6.5\" _module_preset=\"default\"][et_pb_text _builder_version=\"4.6.5\" _module_preset=\"default\" text_font=\"|700|||||||\" text_text_color=\"#ffffff\" header_3_font=\"Oswald||||||||\" header_3_text_color=\"#ffffff\" header_3_font_size=\"1.5em\" header_3_line_height=\"1.1em\" background_size=\"initial\"]<\/p><h3>Nos coordonn\u00e9es<\/h3><p>Tel: 450-669-9053<\/p><p>Lun. - Ven. de 8H30 \u00e0 17h00<\/p><p><span style=\"color: #e52533;\">+1 888-933-9007<br \/><\/span><span style=\"color: #e52533;\">LIGNE D'URGENCE 24H\/7J<\/span><\/p><h3>\u00a0<\/h3><h3>Adresse postale<\/h3><p>Casier postal 27543<br \/>Franchise pont viau<br \/>Laval, Qu\u00e9bec, H7G 4Y2<\/p><p>[\/et_pb_text][et_pb_social_media_follow _builder_version=\"4.6.5\" _module_preset=\"default\"][et_pb_social_media_follow_network social_network=\"facebook\" url=\"https:\/\/www.facebook.com\/cpivas\" _builder_version=\"4.6.5\" _module_preset=\"default\" background_color=\"#3b5998\" follow_button=\"off\" url_new_window=\"on\"]facebook[\/et_pb_social_media_follow_network][et_pb_social_media_follow_network social_network=\"instagram\" url=\"https:\/\/www.instagram.com\/cpivaslaval\/?hl=en\" _builder_version=\"4.6.5\" _module_preset=\"default\" background_color=\"#ea2c59\" follow_button=\"off\" url_new_window=\"on\"]instagram[\/et_pb_social_media_follow_network][et_pb_social_media_follow_network social_network=\"linkedin\" url=\"https:\/\/www.linkedin.com\/company\/56472923\/\" _builder_version=\"4.6.5\" _module_preset=\"default\" background_color=\"#007bb6\" follow_button=\"off\" url_new_window=\"on\"]linkedin[\/et_pb_social_media_follow_network][\/et_pb_social_media_follow][\/et_pb_column][et_pb_column type=\"1_4\" _builder_version=\"4.6.5\" _module_preset=\"default\"][et_pb_text _builder_version=\"4.6.5\" _module_preset=\"default\" text_font=\"|700|||||||\" text_text_color=\"#ffffff\" header_3_font=\"Oswald||||||||\" header_3_text_color=\"#ffffff\" header_3_font_size=\"1.5em\" header_3_line_height=\"1.1em\" header_4_font=\"Oswald||||||||\" header_4_text_color=\"#ffffff\" header_4_font_size=\"1.2em\" header_4_line_height=\"1.1em\" background_size=\"initial\"]<\/p><h4><a href=\"\/je-veux-de-laide\/\">Je veux de l'aide<\/a><\/h4><h4><a href=\"\/services-aux-adultes\/\">Services aux adultes<\/a><\/h4><h4><a href=\"\/services-aux-ados\/\">Services aux ados<\/a><\/h4><h4><a href=\"\/services-aux-enfants\/\">Services aux enfants<\/a><\/h4><h4><a href=\"\/services-aux-ecoles\/\">Services aux \u00e9coles<\/a><\/h4><h4><a href=\"\/services-aux-partenaires\/\">Services aux organismes et aux partenaires<\/a><\/h4><h4><a href=\"\/je-veux-comprendre\/\">Je veux comprendre<\/a><\/h4><h4><a href=\"\/mythes-et-prejuges\/\">Mythes et pr\u00e9jug\u00e9s<\/a><\/h4><p>\u00a0<\/p><p>[\/et_pb_text][\/et_pb_column][et_pb_column type=\"1_4\" _builder_version=\"4.6.5\" _module_preset=\"default\"][et_pb_text _builder_version=\"4.6.5\" _module_preset=\"default\" text_font=\"|700|||||||\" text_text_color=\"#ffffff\" header_3_font=\"Oswald||||||||\" header_3_text_color=\"#ffffff\" header_3_font_size=\"1.5em\" header_3_line_height=\"1.1em\" header_4_font=\"Oswald||||||||\" header_4_text_color=\"#ffffff\" header_4_font_size=\"1.2em\" header_4_line_height=\"1.1em\" background_size=\"initial\" custom_padding=\"0px|||||\"]<\/p><h4><a href=\"\/statistiques\/\">Statistiques<\/a><\/h4><h4><a href=\"\/le-consentement\/\">Le consentement<\/a><\/h4><h4><a href=\"\/devoilement\/\">D\u00e9voilement<\/a><\/h4><h4><a href=\"\/ressources\/\">Ressources<\/a><\/h4><h4><a href=\"\/documentation\/\">Documentation<\/a><\/h4><h4><a href=\"\/je-veux-contribuer\/\">Je veux contribuer<\/a><\/h4><h4><a href=\"\/notre-impact\/\">Notre impact<\/a><\/h4><h4><a href=\"\/faire-un-don\/\">Faire un don<\/a><\/h4><h4><a href=\"\/devenir-partenaire\/\">Devenir partenaire<\/a><\/h4><h4><a href=\"\/devenir-membre\/\">Devenir membre<\/a><\/h4><p>\u00a0<\/p><p>[\/et_pb_text][\/et_pb_column][\/et_pb_row][\/et_pb_section]<\/p>","_et_gb_content_width":"","footnotes":""},"class_list":["post-11704","page","type-page","status-publish","hentry"],"aioseo_notices":[],"_links":{"self":[{"href":"https:\/\/cpivas.com\/en\/wp-json\/wp\/v2\/pages\/11704","targetHints":{"allow":["GET"]}}],"collection":[{"href":"https:\/\/cpivas.com\/en\/wp-json\/wp\/v2\/pages"}],"about":[{"href":"https:\/\/cpivas.com\/en\/wp-json\/wp\/v2\/types\/page"}],"author":[{"embeddable":true,"href":"https:\/\/cpivas.com\/en\/wp-json\/wp\/v2\/users\/16"}],"replies":[{"embeddable":true,"href":"https:\/\/cpivas.com\/en\/wp-json\/wp\/v2\/comments?post=11704"}],"version-history":[{"count":8,"href":"https:\/\/cpivas.com\/en\/wp-json\/wp\/v2\/pages\/11704\/revisions"}],"predecessor-version":[{"id":12750,"href":"https:\/\/cpivas.com\/en\/wp-json\/wp\/v2\/pages\/11704\/revisions\/12750"}],"wp:attachment":[{"href":"https:\/\/cpivas.com\/en\/wp-json\/wp\/v2\/media?parent=11704"}],"curies":[{"name":"wp","href":"https:\/\/api.w.org\/{rel}","templated":true}]}}