{"id":11682,"date":"2021-02-22T18:49:54","date_gmt":"2021-02-22T18:49:54","guid":{"rendered":"https:\/\/cpivas.com\/?page_id=11682"},"modified":"2023-10-25T04:16:03","modified_gmt":"2023-10-25T04:16:03","slug":"disclosure","status":"publish","type":"page","link":"https:\/\/cpivas.com\/en\/disclosure\/","title":{"rendered":"Disclosure"},"content":{"rendered":"<p>[et_pb_section fb_built=&#8221;1&#8243; _builder_version=&#8221;4.16&#8243; _module_preset=&#8221;default&#8221; use_background_color_gradient=&#8221;on&#8221; background_color_gradient_stops=&#8221;rgba(255,255,255,0.88) 0%|rgba(255,255,255,0.88) 100%&#8221; background_color_gradient_overlays_image=&#8221;on&#8221; background_color_gradient_start=&#8221;rgba(255,255,255,0.88)&#8221; background_color_gradient_end=&#8221;rgba(255,255,255,0.88)&#8221; background_image=&#8221;https:\/\/cpivas.com\/wp-content\/uploads\/2020\/10\/SignedEgalite_Gris.png&#8221; background_size=&#8221;contain&#8221; global_colors_info=&#8221;{}&#8221;][et_pb_row column_structure=&#8221;1_4,1_2,1_4&#8243; _builder_version=&#8221;4.16&#8243; _module_preset=&#8221;default&#8221; global_colors_info=&#8221;{}&#8221;][et_pb_column type=&#8221;1_4&#8243; _builder_version=&#8221;4.16&#8243; _module_preset=&#8221;default&#8221; global_colors_info=&#8221;{}&#8221;][\/et_pb_column][et_pb_column type=&#8221;1_2&#8243; _builder_version=&#8221;4.16&#8243; _module_preset=&#8221;default&#8221; global_colors_info=&#8221;{}&#8221;][et_pb_text _builder_version=&#8221;4.16&#8243; _module_preset=&#8221;default&#8221; header_font=&#8221;|||on|||||&#8221; header_font_size=&#8221;4.3em&#8221; header_line_height=&#8221;1.1em&#8221; header_font_size_tablet=&#8221;4em&#8221; header_font_size_phone=&#8221;3.3em&#8221; header_font_size_last_edited=&#8221;on|phone&#8221; global_colors_info=&#8221;{}&#8221;]<\/p>\n<h1 style=\"text-align: center;\"><span style=\"color: #97559e;\">Disclosure<\/span><\/h1>\n<p>[\/et_pb_text][\/et_pb_column][et_pb_column type=&#8221;1_4&#8243; _builder_version=&#8221;4.16&#8243; _module_preset=&#8221;default&#8221; global_colors_info=&#8221;{}&#8221;][\/et_pb_column][\/et_pb_row][\/et_pb_section][et_pb_section fb_built=&#8221;1&#8243; _builder_version=&#8221;4.16&#8243; _module_preset=&#8221;default&#8221; custom_padding=&#8221;2px||0px|||&#8221; locked=&#8221;off&#8221; global_colors_info=&#8221;{}&#8221;][et_pb_row column_structure=&#8221;1_5,3_5,1_5&#8243; _builder_version=&#8221;4.16&#8243; _module_preset=&#8221;default&#8221; custom_padding=&#8221;59px|||||&#8221; global_colors_info=&#8221;{}&#8221;][et_pb_column type=&#8221;1_5&#8243; _builder_version=&#8221;4.16&#8243; _module_preset=&#8221;default&#8221; global_colors_info=&#8221;{}&#8221;][\/et_pb_column][et_pb_column type=&#8221;3_5&#8243; _builder_version=&#8221;4.16&#8243; _module_preset=&#8221;default&#8221; global_colors_info=&#8221;{}&#8221;][et_pb_text _builder_version=&#8221;4.16&#8243; _module_preset=&#8221;default&#8221; header_2_font=&#8221;|||on|||||&#8221; header_2_font_size=&#8221;3em&#8221; global_colors_info=&#8221;{}&#8221;]<\/p>\n<p style=\"text-align: center;\">Whether the disclosure of sexual assault is spontaneous or planned, it is a courageous step. A person who wishes to disclose an assault may have to overcome many fears, including stigmatizing and guilt-inducing myths and prejudices, the reaction of those around them, the collapse of the family or marital system, or the fear of being plunged back into painful memories, to name but a few. Even today, these fears remain legitimate, as many still blame victims.<\/p>\n<p style=\"text-align: center;\">However, the benefits of disclosure can be significant. For some people, it can be a way of breaking the silence and gaining support from those around them. As more and more people break the silence, they realize they are not alone and that a network of solidarity can be formed throughout society. At CPIVAS, we remain available and attentive to the needs of Laval residents wishing to initiate or continue a disclosure process.<\/p>\n<p>[\/et_pb_text][\/et_pb_column][et_pb_column type=&#8221;1_5&#8243; _builder_version=&#8221;4.16&#8243; _module_preset=&#8221;default&#8221; global_colors_info=&#8221;{}&#8221;][\/et_pb_column][\/et_pb_row][et_pb_row column_structure=&#8221;1_2,1_2&#8243; _builder_version=&#8221;4.16&#8243; _module_preset=&#8221;default&#8221; custom_padding=&#8221;||3%||false|false&#8221; locked=&#8221;off&#8221; global_colors_info=&#8221;{}&#8221;][et_pb_column type=&#8221;1_2&#8243; _builder_version=&#8221;4.16&#8243; _module_preset=&#8221;default&#8221; global_colors_info=&#8221;{}&#8221;][et_pb_image src=&#8221;https:\/\/cpivas.com\/wp-content\/uploads\/2020\/11\/iStock-1141391962.jpg&#8221; title_text=&#8221;Bald proud stylish girl&#8221; _builder_version=&#8221;4.16&#8243; _module_preset=&#8221;default&#8221; global_colors_info=&#8221;{}&#8221;][\/et_pb_image][\/et_pb_column][et_pb_column type=&#8221;1_2&#8243; _builder_version=&#8221;4.16&#8243; _module_preset=&#8221;default&#8221; global_colors_info=&#8221;{}&#8221;][et_pb_text _builder_version=&#8221;4.21.0&#8243; _module_preset=&#8221;default&#8221; header_2_font=&#8221;|||on|||||&#8221; header_2_font_size=&#8221;3em&#8221; hover_enabled=&#8221;0&#8243; global_colors_info=&#8221;{}&#8221; sticky_enabled=&#8221;0&#8243;]<\/p>\n<h3><strong>Receiving a Disclosure<\/strong><\/h3>\n<p>Receiving a disclosure is just as crucial as the disclosure itself. Those around the victims may feel confused and wonder how to support best the person who has broken the silence with their heavy secret. Here are a few tips on how to intervene in a helpful way:<\/p>\n<ul>\n<li>Remain calm and use a reassuring tone of voice;<\/li>\n<li>Check whether the person is in danger and contact the authorities if necessary;<\/li>\n<li><strong>Believe the person;<\/strong><\/li>\n<li>Listen carefully without interrupting or trying to get non-essential details;<\/li>\n<li><strong>Do not judge<\/strong>; each person reacts to sexual assault in any way they can;<\/li>\n<li><strong>Do not minimize or dramatize;<\/strong><\/li>\n<li><strong>Put the responsibility back on the aggressor;<\/strong><\/li>\n<li>Do not try to convince them to report to the police; respect the person\u2019s pace;<\/li>\n<li>Report the sexual assault to the Director of Youth Protection when it involves a minor without promising to keep it a secret.<\/li>\n<\/ul>\n<p>[\/et_pb_text][\/et_pb_column][\/et_pb_row][\/et_pb_section][et_pb_section fb_built=&#8221;1&#8243; _builder_version=&#8221;4.6.5&#8243; _module_preset=&#8221;default&#8221; background_color=&#8221;#000000&#8243; custom_padding=&#8221;||0px|||&#8221; global_module=&#8221;11584&#8243; saved_tabs=&#8221;all&#8221; locked=&#8221;off&#8221; global_colors_info=&#8221;{}&#8221;][et_pb_row column_structure=&#8221;1_4,1_4,1_4,1_4&#8243; _builder_version=&#8221;4.16&#8243; _module_preset=&#8221;default&#8221; global_colors_info=&#8221;{}&#8221;][et_pb_column type=&#8221;1_4&#8243; _builder_version=&#8221;4.16&#8243; _module_preset=&#8221;default&#8221; global_colors_info=&#8221;{}&#8221;][et_pb_image src=&#8221;https:\/\/cpivas.com\/wp-content\/uploads\/2020\/10\/CPIVAS_Logo_Rouge_AvcTaglineEmpile\u0301s_Blanc.png&#8221; title_text=&#8221;CPIVAS_Logo_Rouge_AvcTaglineEmpile\u0301s_Blanc&#8221; _builder_version=&#8221;4.16&#8243; _module_preset=&#8221;default&#8221; background_size=&#8221;initial&#8221; width=&#8221;80%&#8221; global_colors_info=&#8221;{}&#8221;][\/et_pb_image][\/et_pb_column][et_pb_column type=&#8221;1_4&#8243; _builder_version=&#8221;4.16&#8243; _module_preset=&#8221;default&#8221; global_colors_info=&#8221;{}&#8221;][et_pb_text _builder_version=&#8221;4.16&#8243; _module_preset=&#8221;default&#8221; text_font=&#8221;|700|||||||&#8221; text_text_color=&#8221;#ffffff&#8221; header_3_font=&#8221;Oswald||||||||&#8221; header_3_text_color=&#8221;#ffffff&#8221; header_3_font_size=&#8221;1.5em&#8221; header_3_line_height=&#8221;1.1em&#8221; background_size=&#8221;initial&#8221; global_colors_info=&#8221;{}&#8221;]<\/p>\n<h3>Contact Information<\/h3>\n<p>Phone: 450-669-9053<\/p>\n<p>Email:<br \/><a style=\"color: #e52533;\" href=\"mailto:administration@cpivas.com\" target=\"_blank\" rel=\"noopener noreferrer\">administration@cpivas.com<\/a><\/p>\n<p><a style=\"color: #e52533;\" href=\"mailto:administration@cpivas.com\" target=\"_blank\" rel=\"noopener noreferrer\">demandeaide@cpivas.com<\/a><\/p>\n<p><span>Mon &#8211; Fri<\/span> from 8am to 5pm<\/p>\n<p><span style=\"color: #e52533;\">+1 888-933-9007<br \/><\/span><span style=\"color: #e52533;\">EMERGENCY LINE 24H\/7d<\/span><\/p>\n<h3><\/h3>\n<h3>Postal Address<\/h3>\n<p>Post office box 27543<br \/>Pont Viau franchise<br \/>Laval, Qu\u00e9bec, H7G 4Y2<\/p>\n<p>[\/et_pb_text][et_pb_social_media_follow _builder_version=&#8221;4.16&#8243; _module_preset=&#8221;default&#8221; global_colors_info=&#8221;{}&#8221;][et_pb_social_media_follow_network social_network=&#8221;facebook&#8221; url=&#8221;https:\/\/www.facebook.com\/cpivas&#8221; _builder_version=&#8221;4.16&#8243; _module_preset=&#8221;default&#8221; background_color=&#8221;#3b5998&#8243; global_colors_info=&#8221;{}&#8221; follow_button=&#8221;off&#8221; url_new_window=&#8221;on&#8221;]facebook[\/et_pb_social_media_follow_network][et_pb_social_media_follow_network social_network=&#8221;instagram&#8221; url=&#8221;https:\/\/www.instagram.com\/cpivaslaval\/?hl=en&#8221; _builder_version=&#8221;4.16&#8243; _module_preset=&#8221;default&#8221; background_color=&#8221;#ea2c59&#8243; global_colors_info=&#8221;{}&#8221; follow_button=&#8221;off&#8221; url_new_window=&#8221;on&#8221;]instagram[\/et_pb_social_media_follow_network][et_pb_social_media_follow_network social_network=&#8221;linkedin&#8221; url=&#8221;https:\/\/www.linkedin.com\/company\/56472923\/&#8221; _builder_version=&#8221;4.16&#8243; _module_preset=&#8221;default&#8221; background_color=&#8221;#007bb6&#8243; global_colors_info=&#8221;{}&#8221; follow_button=&#8221;off&#8221; url_new_window=&#8221;on&#8221;]linkedin[\/et_pb_social_media_follow_network][\/et_pb_social_media_follow][\/et_pb_column][et_pb_column type=&#8221;1_4&#8243; _builder_version=&#8221;4.16&#8243; _module_preset=&#8221;default&#8221; global_colors_info=&#8221;{}&#8221;][et_pb_text _builder_version=&#8221;4.16&#8243; _module_preset=&#8221;default&#8221; text_font=&#8221;|700|||||||&#8221; text_text_color=&#8221;#ffffff&#8221; header_3_font=&#8221;Oswald||||||||&#8221; header_3_text_color=&#8221;#ffffff&#8221; header_3_font_size=&#8221;1.5em&#8221; header_3_line_height=&#8221;1.1em&#8221; header_4_font=&#8221;Oswald||||||||&#8221; header_4_text_color=&#8221;#ffffff&#8221; header_4_font_size=&#8221;1.2em&#8221; header_4_line_height=&#8221;1.1em&#8221; background_size=&#8221;initial&#8221; global_colors_info=&#8221;{}&#8221;]<\/p>\n<h4><a href=\"\/en\/i-want-help\/\">I want help<\/a><\/h4>\n<h4><a href=\"\/en\/services-for-adults\/\">Services for adults<\/a><\/h4>\n<h4><a href=\"\/en\/services-for-adolescents\/\">Services for adolescents<\/a><\/h4>\n<h4><a href=\"\/en\/services-for-children\/\">Services for children<\/a><\/h4>\n<h4><a href=\"\/en\/services-for-schools\/\">Services for schools<\/a><\/h4>\n<h4><a href=\"\/en\/services-to-organizations-and-partners\/\">Services to organizations and partners<\/a><\/h4>\n<h4><a href=\"\/en\/i-want-to-understand\/\">I want to understand<\/a><\/h4>\n<h4><a href=\"\/en\/myths-and-biases\/\">Myths and biases<\/a><\/h4>\n<p>&nbsp;<\/p>\n<p>[\/et_pb_text][\/et_pb_column][et_pb_column type=&#8221;1_4&#8243; _builder_version=&#8221;4.16&#8243; _module_preset=&#8221;default&#8221; global_colors_info=&#8221;{}&#8221;][et_pb_text _builder_version=&#8221;4.16&#8243; _module_preset=&#8221;default&#8221; text_font=&#8221;|700|||||||&#8221; text_text_color=&#8221;#ffffff&#8221; header_3_font=&#8221;Oswald||||||||&#8221; header_3_text_color=&#8221;#ffffff&#8221; header_3_font_size=&#8221;1.5em&#8221; header_3_line_height=&#8221;1.1em&#8221; header_4_font=&#8221;Oswald||||||||&#8221; header_4_text_color=&#8221;#ffffff&#8221; header_4_font_size=&#8221;1.2em&#8221; header_4_line_height=&#8221;1.1em&#8221; background_size=&#8221;initial&#8221; custom_padding=&#8221;0px|||||&#8221; global_colors_info=&#8221;{}&#8221;]<\/p>\n<h4><a href=\"\/en\/statistics\/\">Statistics<\/a><\/h4>\n<h4><a href=\"\/en\/consent\/\">Consent<\/a><\/h4>\n<h4><a href=\"\/en\/disclosure\/\">Disclosure<\/a><\/h4>\n<h4><a href=\"\/en\/resources\/\">Resources<\/a><\/h4>\n<h4><a href=\"\/en\/references\/\">References<\/a><\/h4>\n<h4><a href=\"\/en\/i-want-to-contribute\/\">I want to contribute<\/a><\/h4>\n<h4><a href=\"\/en\/our-impact\">Our impact<\/a><\/h4>\n<h4><a href=\"\/en\/make-a-donation\/\">Make a donation<\/a><\/h4>\n<h4><a href=\"\/en\/partner-with-us\/\">Partner with us<\/a><\/h4>\n<h4><a href=\"\/en\/become-a-member\/\">Become a Member<\/a><\/h4>\n<p>&nbsp;<\/p>\n<p>[\/et_pb_text][\/et_pb_column][\/et_pb_row][\/et_pb_section]<\/p>\n","protected":false},"excerpt":{"rendered":"<p>DisclosureWhether the disclosure of sexual assault is spontaneous or planned, it is a courageous step. A person who wishes to disclose an assault may have to overcome many fears, including [&hellip;]<\/p>\n","protected":false},"author":16,"featured_media":0,"parent":0,"menu_order":23,"comment_status":"closed","ping_status":"closed","template":"","meta":{"_et_pb_use_builder":"on","_et_pb_old_content":"<p>[et_pb_section fb_built=\"1\" _builder_version=\"4.6.5\" _module_preset=\"default\" use_background_color_gradient=\"on\" background_color_gradient_start=\"rgba(255,255,255,0.88)\" background_color_gradient_end=\"rgba(255,255,255,0.88)\" background_color_gradient_overlays_image=\"on\" background_image=\"http:\/\/cpivas.com\/wp-content\/uploads\/2020\/10\/SignedEgalite_Gris.png\" background_size=\"contain\"][et_pb_row column_structure=\"1_4,1_2,1_4\" _builder_version=\"4.6.5\" _module_preset=\"default\"][et_pb_column type=\"1_4\" _builder_version=\"4.6.5\" _module_preset=\"default\"][\/et_pb_column][et_pb_column type=\"1_2\" _builder_version=\"4.6.5\" _module_preset=\"default\"][et_pb_text _builder_version=\"4.6.5\" _module_preset=\"default\" header_font=\"|||on|||||\" header_font_size=\"4.3em\" header_line_height=\"1.1em\" hover_enabled=\"0\" header_font_size_tablet=\"4em\" header_font_size_phone=\"3.3em\" header_font_size_last_edited=\"on|phone\" sticky_enabled=\"0\"]<\/p><h1 style=\"text-align: center;\"><span style=\"color: #97559e;\">D\u00e9voilement<\/span><\/h1><p>[\/et_pb_text][\/et_pb_column][et_pb_column type=\"1_4\" _builder_version=\"4.6.5\" _module_preset=\"default\"][\/et_pb_column][\/et_pb_row][\/et_pb_section][et_pb_section fb_built=\"1\" _builder_version=\"4.6.5\" _module_preset=\"default\" custom_padding=\"2px||0px|||\" locked=\"off\"][et_pb_row column_structure=\"1_5,3_5,1_5\" _builder_version=\"4.6.5\" _module_preset=\"default\" custom_padding=\"59px|||||\"][et_pb_column type=\"1_5\" _builder_version=\"4.6.5\" _module_preset=\"default\"][\/et_pb_column][et_pb_column type=\"3_5\" _builder_version=\"4.6.5\" _module_preset=\"default\"][et_pb_text _builder_version=\"4.6.5\" _module_preset=\"default\" header_2_font=\"|||on|||||\" header_2_font_size=\"3em\"]<\/p><h2 style=\"text-align: center;\">Faire un d\u00e9voilement<\/h2><p style=\"text-align: center;\">Que le d\u00e9voilement d\u2019une agression sexuelle soit fait de mani\u00e8re spontan\u00e9e ou planifi\u00e9e, il s\u2019agit d\u2019une d\u00e9marche courageuse. En effet, la personne peut avoir \u00e0 surmonter plusieurs craintes avant d\u2019en parler dont les mythes et pr\u00e9jug\u00e9s stigmatisants et culpabilisants, la r\u00e9action de l\u2019entourage, l\u2019effondrement du syst\u00e8me familial ou conjugal ou bien encore la crainte d\u2019\u00eatre replong\u00e9e dans des souvenirs douloureux, pour n\u2019en nommer que quelques-uns. Encore aujourd\u2019hui, ces craintes sont l\u00e9gitimes, car nombreux sont ceux rejetant la responsabilit\u00e9 sur les victimes.<\/p><p style=\"text-align: center;\">Toutefois, les b\u00e9n\u00e9fices au d\u00e9voilement peuvent \u00eatre significatifs. Par exemple, pour certaines personnes, cela peut \u00eatre un moyen de briser le silence et d\u2019obtenir du soutien de son entourage. Par ailleurs, plus il y a de personnes qui brisent le silence, plus cela leur permet de r\u00e9aliser qu\u2019elles ne sont pas seules et qu\u2019un r\u00e9seau de solidarit\u00e9 peut se former \u00e0 travers toute la soci\u00e9t\u00e9. Au CPIVAS, nous demeurons disponible et \u00e0 l\u2019\u00e9coute des Lavallois.Es d\u00e9sirant amorcer ou continuer une d\u00e9marche de d\u00e9voilement.<\/p><p>[\/et_pb_text][\/et_pb_column][et_pb_column type=\"1_5\" _builder_version=\"4.6.5\" _module_preset=\"default\"][\/et_pb_column][\/et_pb_row][et_pb_row column_structure=\"1_2,1_2\" _builder_version=\"4.6.5\" _module_preset=\"default\" custom_padding=\"||3%||false|false\" locked=\"off\"][et_pb_column type=\"1_2\" _builder_version=\"4.6.5\" _module_preset=\"default\"][et_pb_image src=\"http:\/\/cpivas.com\/wp-content\/uploads\/2020\/11\/iStock-1141391962.jpg\" title_text=\"Bald proud stylish girl\" _builder_version=\"4.6.5\" _module_preset=\"default\"][\/et_pb_image][\/et_pb_column][et_pb_column type=\"1_2\" _builder_version=\"4.6.5\" _module_preset=\"default\"][et_pb_text _builder_version=\"4.6.5\" _module_preset=\"default\" header_2_font=\"|||on|||||\" header_2_font_size=\"3em\"]<\/p><h3>Accueillir un d\u00e9voilement<\/h3><p>L\u2019accueil d\u2019un d\u00e9voilement est tout aussi pr\u00e9cieux que le d\u00e9voilement en soi. L\u2019entourage peut se sentir confus et se demander quelles sont les interventions \u00e0 privil\u00e9gier afin de bien accompagner celle ou celui qui brise ainsi le silence, le lourd secret. Voici quelques conseils afin d\u2019intervenir de mani\u00e8re aidante :<\/p><ul><li>Demeurer calme et avoir un ton de voix rassurant;<\/li><li>V\u00e9rifier si la personne est en danger et contacter les autorit\u00e9s le cas \u00e9ch\u00e9ant;<\/li><li><strong>Croire la personne;<\/strong><\/li><li>Rester \u00e0 l\u2019\u00e9coute sans interrompre ou chercher \u00e0 obtenir des d\u00e9tails non-essentiels;<\/li><li><strong>Ne pas juger<\/strong>, chaque personne r\u00e9agit comme il ou elle le peut lors d\u2019une agression sexuelle;<\/li><li><strong>Ne pas minimiser ou dramatiser;<\/strong><\/li><li><strong>Remettre la responsabilit\u00e9 \u00e0 la personne qui a agress\u00e9;<\/strong><\/li><li>Ne pas tenter de convaincre la personne de d\u00e9noncer aux autorit\u00e9s polici\u00e8res, respecter son rythme;<\/li><li>Signaler l\u2019agression sexuelle au Directeur de la protection de la jeunesse lorsqu\u2019il s\u2019agit d\u2019un ou une mineure sans promettre de garder le silence<\/li><\/ul><p>[\/et_pb_text][\/et_pb_column][\/et_pb_row][\/et_pb_section][et_pb_section fb_built=\"1\" _builder_version=\"4.6.5\" _module_preset=\"default\" background_color=\"#000000\" custom_padding=\"||0px|||\" global_module=\"10751\" saved_tabs=\"all\"][et_pb_row column_structure=\"1_4,1_4,1_4,1_4\" _builder_version=\"4.6.5\" _module_preset=\"default\"][et_pb_column type=\"1_4\" _builder_version=\"4.6.5\" _module_preset=\"default\"][et_pb_image src=\"http:\/\/cpivas.com\/wp-content\/uploads\/2020\/10\/CPIVAS_Logo_Rouge_AvcTaglineEmpile\u0301s_Blanc.png\" title_text=\"CPIVAS_Logo_Rouge_AvcTaglineEmpile\u0301s_Blanc\" _builder_version=\"4.6.5\" _module_preset=\"default\" background_size=\"initial\" width=\"80%\"][\/et_pb_image][\/et_pb_column][et_pb_column type=\"1_4\" _builder_version=\"4.6.5\" _module_preset=\"default\"][et_pb_text _builder_version=\"4.6.5\" _module_preset=\"default\" text_font=\"|700|||||||\" text_text_color=\"#ffffff\" header_3_font=\"Oswald||||||||\" header_3_text_color=\"#ffffff\" header_3_font_size=\"1.5em\" header_3_line_height=\"1.1em\" background_size=\"initial\"]<\/p><h3>Nos coordonn\u00e9es<\/h3><p>Tel: 450-669-9053<\/p><p>Lun. - Ven. de 8H30 \u00e0 17h00<\/p><p><span style=\"color: #e52533;\">+1 888-933-9007<br \/><\/span><span style=\"color: #e52533;\">LIGNE D'URGENCE 24H\/7J<\/span><\/p><h3>\u00a0<\/h3><h3>Adresse postale<\/h3><p>Casier postal 27543<br \/>Franchise pont viau<br \/>Laval, Qu\u00e9bec, H7G 4Y2<\/p><p>[\/et_pb_text][et_pb_social_media_follow _builder_version=\"4.6.5\" _module_preset=\"default\"][et_pb_social_media_follow_network social_network=\"facebook\" url=\"https:\/\/www.facebook.com\/cpivas\" _builder_version=\"4.6.5\" _module_preset=\"default\" background_color=\"#3b5998\" follow_button=\"off\" url_new_window=\"on\"]facebook[\/et_pb_social_media_follow_network][et_pb_social_media_follow_network social_network=\"instagram\" url=\"https:\/\/www.instagram.com\/cpivaslaval\/?hl=en\" _builder_version=\"4.6.5\" _module_preset=\"default\" background_color=\"#ea2c59\" follow_button=\"off\" url_new_window=\"on\"]instagram[\/et_pb_social_media_follow_network][et_pb_social_media_follow_network social_network=\"linkedin\" url=\"https:\/\/www.linkedin.com\/company\/56472923\/\" _builder_version=\"4.6.5\" _module_preset=\"default\" background_color=\"#007bb6\" follow_button=\"off\" url_new_window=\"on\"]linkedin[\/et_pb_social_media_follow_network][\/et_pb_social_media_follow][\/et_pb_column][et_pb_column type=\"1_4\" _builder_version=\"4.6.5\" _module_preset=\"default\"][et_pb_text _builder_version=\"4.6.5\" _module_preset=\"default\" text_font=\"|700|||||||\" text_text_color=\"#ffffff\" header_3_font=\"Oswald||||||||\" header_3_text_color=\"#ffffff\" header_3_font_size=\"1.5em\" header_3_line_height=\"1.1em\" header_4_font=\"Oswald||||||||\" header_4_text_color=\"#ffffff\" header_4_font_size=\"1.2em\" header_4_line_height=\"1.1em\" background_size=\"initial\"]<\/p><h4><a href=\"\/je-veux-de-laide\/\">Je veux de l'aide<\/a><\/h4><h4><a href=\"\/services-aux-adultes\/\">Services aux adultes<\/a><\/h4><h4><a href=\"\/services-aux-ados\/\">Services aux ados<\/a><\/h4><h4><a href=\"\/services-aux-enfants\/\">Services aux enfants<\/a><\/h4><h4><a href=\"\/services-aux-ecoles\/\">Services aux \u00e9coles<\/a><\/h4><h4><a href=\"\/services-aux-partenaires\/\">Services aux organismes et aux partenaires<\/a><\/h4><h4><a href=\"\/je-veux-comprendre\/\">Je veux comprendre<\/a><\/h4><h4><a href=\"\/mythes-et-prejuges\/\">Mythes et pr\u00e9jug\u00e9s<\/a><\/h4><p>\u00a0<\/p><p>[\/et_pb_text][\/et_pb_column][et_pb_column type=\"1_4\" _builder_version=\"4.6.5\" _module_preset=\"default\"][et_pb_text _builder_version=\"4.6.5\" _module_preset=\"default\" text_font=\"|700|||||||\" text_text_color=\"#ffffff\" header_3_font=\"Oswald||||||||\" header_3_text_color=\"#ffffff\" header_3_font_size=\"1.5em\" header_3_line_height=\"1.1em\" header_4_font=\"Oswald||||||||\" header_4_text_color=\"#ffffff\" header_4_font_size=\"1.2em\" header_4_line_height=\"1.1em\" background_size=\"initial\" custom_padding=\"0px|||||\"]<\/p><h4><a href=\"\/statistiques\/\">Statistiques<\/a><\/h4><h4><a href=\"\/le-consentement\/\">Le consentement<\/a><\/h4><h4><a href=\"\/devoilement\/\">D\u00e9voilement<\/a><\/h4><h4><a href=\"\/ressources\/\">Ressources<\/a><\/h4><h4><a href=\"\/documentation\/\">Documentation<\/a><\/h4><h4><a href=\"\/je-veux-contribuer\/\">Je veux contribuer<\/a><\/h4><h4><a href=\"\/notre-impact\/\">Notre impact<\/a><\/h4><h4><a href=\"\/faire-un-don\/\">Faire un don<\/a><\/h4><h4><a href=\"\/devenir-partenaire\/\">Devenir partenaire<\/a><\/h4><h4><a href=\"\/devenir-membre\/\">Devenir membre<\/a><\/h4><p>\u00a0<\/p><p>[\/et_pb_text][\/et_pb_column][\/et_pb_row][\/et_pb_section]<\/p>","_et_gb_content_width":"","footnotes":""},"class_list":["post-11682","page","type-page","status-publish","hentry"],"aioseo_notices":[],"_links":{"self":[{"href":"https:\/\/cpivas.com\/en\/wp-json\/wp\/v2\/pages\/11682","targetHints":{"allow":["GET"]}}],"collection":[{"href":"https:\/\/cpivas.com\/en\/wp-json\/wp\/v2\/pages"}],"about":[{"href":"https:\/\/cpivas.com\/en\/wp-json\/wp\/v2\/types\/page"}],"author":[{"embeddable":true,"href":"https:\/\/cpivas.com\/en\/wp-json\/wp\/v2\/users\/16"}],"replies":[{"embeddable":true,"href":"https:\/\/cpivas.com\/en\/wp-json\/wp\/v2\/comments?post=11682"}],"version-history":[{"count":6,"href":"https:\/\/cpivas.com\/en\/wp-json\/wp\/v2\/pages\/11682\/revisions"}],"predecessor-version":[{"id":12239,"href":"https:\/\/cpivas.com\/en\/wp-json\/wp\/v2\/pages\/11682\/revisions\/12239"}],"wp:attachment":[{"href":"https:\/\/cpivas.com\/en\/wp-json\/wp\/v2\/media?parent=11682"}],"curies":[{"name":"wp","href":"https:\/\/api.w.org\/{rel}","templated":true}]}}