{"id":11676,"date":"2021-02-22T18:39:56","date_gmt":"2021-02-22T18:39:56","guid":{"rendered":"https:\/\/cpivas.com\/?page_id=11676"},"modified":"2023-10-25T04:18:12","modified_gmt":"2023-10-25T04:18:12","slug":"consent","status":"publish","type":"page","link":"https:\/\/cpivas.com\/en\/consent\/","title":{"rendered":"Consent"},"content":{"rendered":"<p>[et_pb_section fb_built=&#8221;1&#8243; _builder_version=&#8221;4.16&#8243; _module_preset=&#8221;default&#8221; use_background_color_gradient=&#8221;on&#8221; background_color_gradient_stops=&#8221;rgba(255,255,255,0.88) 0%|rgba(255,255,255,0.88) 100%&#8221; background_color_gradient_overlays_image=&#8221;on&#8221; background_color_gradient_start=&#8221;rgba(255,255,255,0.88)&#8221; background_color_gradient_end=&#8221;rgba(255,255,255,0.88)&#8221; background_image=&#8221;https:\/\/cpivas.com\/wp-content\/uploads\/2020\/10\/SignedEgalite_Gris.png&#8221; background_size=&#8221;contain&#8221; global_colors_info=&#8221;{}&#8221;][et_pb_row column_structure=&#8221;1_4,1_2,1_4&#8243; _builder_version=&#8221;4.16&#8243; _module_preset=&#8221;default&#8221; global_colors_info=&#8221;{}&#8221;][et_pb_column type=&#8221;1_4&#8243; _builder_version=&#8221;4.16&#8243; _module_preset=&#8221;default&#8221; global_colors_info=&#8221;{}&#8221;][\/et_pb_column][et_pb_column type=&#8221;1_2&#8243; _builder_version=&#8221;4.16&#8243; _module_preset=&#8221;default&#8221; global_colors_info=&#8221;{}&#8221;][et_pb_text _builder_version=&#8221;4.16&#8243; _module_preset=&#8221;default&#8221; header_font=&#8221;|||on|||||&#8221; header_font_size=&#8221;4.3em&#8221; header_line_height=&#8221;1.1em&#8221; header_font_size_tablet=&#8221;4em&#8221; header_font_size_phone=&#8221;2.8em&#8221; header_font_size_last_edited=&#8221;on|phone&#8221; global_colors_info=&#8221;{}&#8221;]<\/p>\n<h1 style=\"text-align: center;\"><span style=\"color: #97559e;\">Consent<\/span><\/h1>\n<p>[\/et_pb_text][\/et_pb_column][et_pb_column type=&#8221;1_4&#8243; _builder_version=&#8221;4.16&#8243; _module_preset=&#8221;default&#8221; global_colors_info=&#8221;{}&#8221;][\/et_pb_column][\/et_pb_row][\/et_pb_section][et_pb_section fb_built=&#8221;1&#8243; _builder_version=&#8221;4.16&#8243; _module_preset=&#8221;default&#8221; custom_padding=&#8221;2px||0px|||&#8221; locked=&#8221;off&#8221; global_colors_info=&#8221;{}&#8221;][et_pb_row column_structure=&#8221;1_5,3_5,1_5&#8243; _builder_version=&#8221;4.16&#8243; _module_preset=&#8221;default&#8221; custom_padding=&#8221;59px|||||&#8221; global_colors_info=&#8221;{}&#8221;][et_pb_column type=&#8221;1_5&#8243; _builder_version=&#8221;4.16&#8243; _module_preset=&#8221;default&#8221; global_colors_info=&#8221;{}&#8221;][\/et_pb_column][et_pb_column type=&#8221;3_5&#8243; _builder_version=&#8221;4.16&#8243; _module_preset=&#8221;default&#8221; global_colors_info=&#8221;{}&#8221;][et_pb_text _builder_version=&#8221;4.16&#8243; _module_preset=&#8221;default&#8221; header_2_font=&#8221;|||on|||||&#8221; header_2_font_size=&#8221;3em&#8221; global_colors_info=&#8221;{}&#8221;]<\/p>\n<p style=\"text-align: center;\">Sexual consent is an agreement to participate in a sexual activity (whether it involves physical contact or not). To be considered valid, consent must be free, informed and enthusiastic.<\/p>\n<p style=\"text-align: center;\">For sexual consent to be free, thus valid, people must feel like they have the choice to disagree. Therefore, if violence (ex. physical force, threat, etc.) is used and leads to a person saying &#8220;yes&#8221; to sex, this agreement is of no value because the person was forced to agree.<\/p>\n<p>[\/et_pb_text][\/et_pb_column][et_pb_column type=&#8221;1_5&#8243; _builder_version=&#8221;4.16&#8243; _module_preset=&#8221;default&#8221; global_colors_info=&#8221;{}&#8221;][\/et_pb_column][\/et_pb_row][et_pb_row column_structure=&#8221;1_2,1_2&#8243; _builder_version=&#8221;4.16&#8243; _module_preset=&#8221;default&#8221; custom_padding=&#8221;||3%||false|false&#8221; global_colors_info=&#8221;{}&#8221;][et_pb_column type=&#8221;1_2&#8243; _builder_version=&#8221;4.16&#8243; _module_preset=&#8221;default&#8221; global_colors_info=&#8221;{}&#8221;][et_pb_image src=&#8221;https:\/\/cpivas.com\/wp-content\/uploads\/2023\/09\/consentement.png&#8221; title_text=&#8221;consentement&#8221; _builder_version=&#8221;4.21.0&#8243; _module_preset=&#8221;default&#8221; hover_enabled=&#8221;0&#8243; global_colors_info=&#8221;{}&#8221; sticky_enabled=&#8221;0&#8243;][\/et_pb_image][\/et_pb_column][et_pb_column type=&#8221;1_2&#8243; _builder_version=&#8221;4.16&#8243; _module_preset=&#8221;default&#8221; global_colors_info=&#8221;{}&#8221;][et_pb_text _builder_version=&#8221;4.16&#8243; _module_preset=&#8221;default&#8221; header_2_font=&#8221;|||on|||||&#8221; header_2_font_size=&#8221;3em&#8221; global_colors_info=&#8221;{}&#8221;]<\/p>\n<p>For sexual consent to be informed, thus valid, people must possess enough information to agree. Similarly, for sexual consent to be informed, people must also be in capacity to agree. For instance, when people have consumed (alcohol and\/or drugs), their judgment can be impaired. It is therefore considered that they are incapable of providing informed consent. Even if people say &#8220;yes&#8221; to engage in a sexual activity, this agreement is of no value because they were under the influence of a substance. The same logic applies to people who are asleep or unconscious.<\/p>\n<p>People must use their judgment as well as their empathy to recognize an enthusiastic, thus valid, sexual consent. Consent can be verbalized or not, using words and\/or behaviours. Although all words and behaviours related to sexual consent must be coherent.<\/p>\n<p>[\/et_pb_text][\/et_pb_column][\/et_pb_row][\/et_pb_section][et_pb_section fb_built=&#8221;1&#8243; _builder_version=&#8221;4.6.5&#8243; _module_preset=&#8221;default&#8221; background_color=&#8221;#000000&#8243; custom_padding=&#8221;||0px|||&#8221; global_module=&#8221;11584&#8243; saved_tabs=&#8221;all&#8221; locked=&#8221;off&#8221; global_colors_info=&#8221;{}&#8221;][et_pb_row column_structure=&#8221;1_4,1_4,1_4,1_4&#8243; _builder_version=&#8221;4.16&#8243; _module_preset=&#8221;default&#8221; global_colors_info=&#8221;{}&#8221;][et_pb_column type=&#8221;1_4&#8243; _builder_version=&#8221;4.16&#8243; _module_preset=&#8221;default&#8221; global_colors_info=&#8221;{}&#8221;][et_pb_image src=&#8221;https:\/\/cpivas.com\/wp-content\/uploads\/2020\/10\/CPIVAS_Logo_Rouge_AvcTaglineEmpile\u0301s_Blanc.png&#8221; title_text=&#8221;CPIVAS_Logo_Rouge_AvcTaglineEmpile\u0301s_Blanc&#8221; _builder_version=&#8221;4.16&#8243; _module_preset=&#8221;default&#8221; background_size=&#8221;initial&#8221; width=&#8221;80%&#8221; global_colors_info=&#8221;{}&#8221;][\/et_pb_image][\/et_pb_column][et_pb_column type=&#8221;1_4&#8243; _builder_version=&#8221;4.16&#8243; _module_preset=&#8221;default&#8221; global_colors_info=&#8221;{}&#8221;][et_pb_text _builder_version=&#8221;4.16&#8243; _module_preset=&#8221;default&#8221; text_font=&#8221;|700|||||||&#8221; text_text_color=&#8221;#ffffff&#8221; header_3_font=&#8221;Oswald||||||||&#8221; header_3_text_color=&#8221;#ffffff&#8221; header_3_font_size=&#8221;1.5em&#8221; header_3_line_height=&#8221;1.1em&#8221; background_size=&#8221;initial&#8221; global_colors_info=&#8221;{}&#8221;]<\/p>\n<h3>Contact Information<\/h3>\n<p>Phone: 450-669-9053<\/p>\n<p>Email:<br \/><a style=\"color: #e52533;\" href=\"mailto:administration@cpivas.com\" target=\"_blank\" rel=\"noopener noreferrer\">administration@cpivas.com<\/a><\/p>\n<p><a style=\"color: #e52533;\" href=\"mailto:administration@cpivas.com\" target=\"_blank\" rel=\"noopener noreferrer\">demandeaide@cpivas.com<\/a><\/p>\n<p><span>Mon &#8211; Fri<\/span> from 8am to 5pm<\/p>\n<p><span style=\"color: #e52533;\">+1 888-933-9007<br \/><\/span><span style=\"color: #e52533;\">EMERGENCY LINE 24H\/7d<\/span><\/p>\n<h3><\/h3>\n<h3>Postal Address<\/h3>\n<p>Post office box 27543<br \/>Pont Viau franchise<br \/>Laval, Qu\u00e9bec, H7G 4Y2<\/p>\n<p>[\/et_pb_text][et_pb_social_media_follow _builder_version=&#8221;4.16&#8243; _module_preset=&#8221;default&#8221; global_colors_info=&#8221;{}&#8221;][et_pb_social_media_follow_network social_network=&#8221;facebook&#8221; url=&#8221;https:\/\/www.facebook.com\/cpivas&#8221; _builder_version=&#8221;4.16&#8243; _module_preset=&#8221;default&#8221; background_color=&#8221;#3b5998&#8243; global_colors_info=&#8221;{}&#8221; follow_button=&#8221;off&#8221; url_new_window=&#8221;on&#8221;]facebook[\/et_pb_social_media_follow_network][et_pb_social_media_follow_network social_network=&#8221;instagram&#8221; url=&#8221;https:\/\/www.instagram.com\/cpivaslaval\/?hl=en&#8221; _builder_version=&#8221;4.16&#8243; _module_preset=&#8221;default&#8221; background_color=&#8221;#ea2c59&#8243; global_colors_info=&#8221;{}&#8221; follow_button=&#8221;off&#8221; url_new_window=&#8221;on&#8221;]instagram[\/et_pb_social_media_follow_network][et_pb_social_media_follow_network social_network=&#8221;linkedin&#8221; url=&#8221;https:\/\/www.linkedin.com\/company\/56472923\/&#8221; _builder_version=&#8221;4.16&#8243; _module_preset=&#8221;default&#8221; background_color=&#8221;#007bb6&#8243; global_colors_info=&#8221;{}&#8221; follow_button=&#8221;off&#8221; url_new_window=&#8221;on&#8221;]linkedin[\/et_pb_social_media_follow_network][\/et_pb_social_media_follow][\/et_pb_column][et_pb_column type=&#8221;1_4&#8243; _builder_version=&#8221;4.16&#8243; _module_preset=&#8221;default&#8221; global_colors_info=&#8221;{}&#8221;][et_pb_text _builder_version=&#8221;4.16&#8243; _module_preset=&#8221;default&#8221; text_font=&#8221;|700|||||||&#8221; text_text_color=&#8221;#ffffff&#8221; header_3_font=&#8221;Oswald||||||||&#8221; header_3_text_color=&#8221;#ffffff&#8221; header_3_font_size=&#8221;1.5em&#8221; header_3_line_height=&#8221;1.1em&#8221; header_4_font=&#8221;Oswald||||||||&#8221; header_4_text_color=&#8221;#ffffff&#8221; header_4_font_size=&#8221;1.2em&#8221; header_4_line_height=&#8221;1.1em&#8221; background_size=&#8221;initial&#8221; global_colors_info=&#8221;{}&#8221;]<\/p>\n<h4><a href=\"\/en\/i-want-help\/\">I want help<\/a><\/h4>\n<h4><a href=\"\/en\/services-for-adults\/\">Services for adults<\/a><\/h4>\n<h4><a href=\"\/en\/services-for-adolescents\/\">Services for adolescents<\/a><\/h4>\n<h4><a href=\"\/en\/services-for-children\/\">Services for children<\/a><\/h4>\n<h4><a href=\"\/en\/services-for-schools\/\">Services for schools<\/a><\/h4>\n<h4><a href=\"\/en\/services-to-organizations-and-partners\/\">Services to organizations and partners<\/a><\/h4>\n<h4><a href=\"\/en\/i-want-to-understand\/\">I want to understand<\/a><\/h4>\n<h4><a href=\"\/en\/myths-and-biases\/\">Myths and biases<\/a><\/h4>\n<p>&nbsp;<\/p>\n<p>[\/et_pb_text][\/et_pb_column][et_pb_column type=&#8221;1_4&#8243; _builder_version=&#8221;4.16&#8243; _module_preset=&#8221;default&#8221; global_colors_info=&#8221;{}&#8221;][et_pb_text _builder_version=&#8221;4.16&#8243; _module_preset=&#8221;default&#8221; text_font=&#8221;|700|||||||&#8221; text_text_color=&#8221;#ffffff&#8221; header_3_font=&#8221;Oswald||||||||&#8221; header_3_text_color=&#8221;#ffffff&#8221; header_3_font_size=&#8221;1.5em&#8221; header_3_line_height=&#8221;1.1em&#8221; header_4_font=&#8221;Oswald||||||||&#8221; header_4_text_color=&#8221;#ffffff&#8221; header_4_font_size=&#8221;1.2em&#8221; header_4_line_height=&#8221;1.1em&#8221; background_size=&#8221;initial&#8221; custom_padding=&#8221;0px|||||&#8221; global_colors_info=&#8221;{}&#8221;]<\/p>\n<h4><a href=\"\/en\/statistics\/\">Statistics<\/a><\/h4>\n<h4><a href=\"\/en\/consent\/\">Consent<\/a><\/h4>\n<h4><a href=\"\/en\/disclosure\/\">Disclosure<\/a><\/h4>\n<h4><a href=\"\/en\/resources\/\">Resources<\/a><\/h4>\n<h4><a href=\"\/en\/references\/\">References<\/a><\/h4>\n<h4><a href=\"\/en\/i-want-to-contribute\/\">I want to contribute<\/a><\/h4>\n<h4><a href=\"\/en\/our-impact\">Our impact<\/a><\/h4>\n<h4><a href=\"\/en\/make-a-donation\/\">Make a donation<\/a><\/h4>\n<h4><a href=\"\/en\/partner-with-us\/\">Partner with us<\/a><\/h4>\n<h4><a href=\"\/en\/become-a-member\/\">Become a Member<\/a><\/h4>\n<p>&nbsp;<\/p>\n<p>[\/et_pb_text][\/et_pb_column][\/et_pb_row][\/et_pb_section]<\/p>\n","protected":false},"excerpt":{"rendered":"<p>ConsentSexual consent is an agreement to participate in a sexual activity (whether it involves physical contact or not). To be considered valid, consent must be free, informed and enthusiastic. For [&hellip;]<\/p>\n","protected":false},"author":16,"featured_media":0,"parent":0,"menu_order":25,"comment_status":"closed","ping_status":"closed","template":"","meta":{"_et_pb_use_builder":"on","_et_pb_old_content":"<p>[et_pb_section fb_built=\"1\" _builder_version=\"4.6.5\" _module_preset=\"default\" use_background_color_gradient=\"on\" background_color_gradient_start=\"rgba(255,255,255,0.88)\" background_color_gradient_end=\"rgba(255,255,255,0.88)\" background_color_gradient_overlays_image=\"on\" background_image=\"http:\/\/cpivas.com\/wp-content\/uploads\/2020\/10\/SignedEgalite_Gris.png\" background_size=\"contain\"][et_pb_row column_structure=\"1_4,1_2,1_4\" _builder_version=\"4.6.5\" _module_preset=\"default\"][et_pb_column type=\"1_4\" _builder_version=\"4.6.5\" _module_preset=\"default\"][\/et_pb_column][et_pb_column type=\"1_2\" _builder_version=\"4.6.5\" _module_preset=\"default\"][et_pb_text _builder_version=\"4.6.5\" _module_preset=\"default\" header_font=\"|||on|||||\" header_font_size=\"4.3em\" header_line_height=\"1.1em\" hover_enabled=\"0\" header_font_size_tablet=\"4em\" header_font_size_phone=\"2.8em\" header_font_size_last_edited=\"on|phone\" sticky_enabled=\"0\"]<\/p><h1 style=\"text-align: center;\">Le <span style=\"color: #97559e;\">consentement<\/span><\/h1><p>[\/et_pb_text][\/et_pb_column][et_pb_column type=\"1_4\" _builder_version=\"4.6.5\" _module_preset=\"default\"][\/et_pb_column][\/et_pb_row][\/et_pb_section][et_pb_section fb_built=\"1\" _builder_version=\"4.6.5\" _module_preset=\"default\" custom_padding=\"2px||0px|||\" locked=\"off\"][et_pb_row column_structure=\"1_5,3_5,1_5\" _builder_version=\"4.6.5\" _module_preset=\"default\" custom_padding=\"59px|||||\"][et_pb_column type=\"1_5\" _builder_version=\"4.6.5\" _module_preset=\"default\"][\/et_pb_column][et_pb_column type=\"3_5\" _builder_version=\"4.6.5\" _module_preset=\"default\"][et_pb_text _builder_version=\"4.6.5\" _module_preset=\"default\" header_2_font=\"|||on|||||\" header_2_font_size=\"3em\"]<\/p><p style=\"text-align: center;\">Le consentement sexuel consiste en un accord \u00e0 participer \u00e0 une activit\u00e9 de nature sexuelle (que celle-ci implique, ou non, un contact physique). On dit que, pour \u00eatre valide, le consentement sexuel d\u2019une personne doit \u00eatre libre, \u00e9clair\u00e9 et enthousiaste.<\/p><p style=\"text-align: center;\">Pour que son consentement \u00e0 une relation sexuelle soit libre, et donc valide, une personne doit sentir qu\u2019elle a la possibilit\u00e9 de ne pas consentir. Ainsi, si l\u2019usage de la violence (p.ex. : force physique, menace, etc.) am\u00e8ne une personne \u00e0 dire \u00ab oui \u00bb \u00e0 une relation sexuelle, cet acquiescement n\u2019a aucune valeur puisque la personne l\u2019ayant donn\u00e9 \u00e9tait dans l\u2019obligation de consentir.<\/p><p>[\/et_pb_text][\/et_pb_column][et_pb_column type=\"1_5\" _builder_version=\"4.6.5\" _module_preset=\"default\"][\/et_pb_column][\/et_pb_row][et_pb_row column_structure=\"1_2,1_2\" _builder_version=\"4.6.5\" _module_preset=\"default\" custom_padding=\"||3%||false|false\"][et_pb_column type=\"1_2\" _builder_version=\"4.6.5\" _module_preset=\"default\"][et_pb_image src=\"http:\/\/cpivas.com\/wp-content\/uploads\/2020\/11\/iStock-1162585755.jpg\" title_text=\"Portrait of confident female professional at home\" _builder_version=\"4.6.5\" _module_preset=\"default\"][\/et_pb_image][\/et_pb_column][et_pb_column type=\"1_2\" _builder_version=\"4.6.5\" _module_preset=\"default\"][et_pb_text _builder_version=\"4.6.5\" _module_preset=\"default\" header_2_font=\"|||on|||||\" header_2_font_size=\"3em\"]<\/p><p>Pour que son consentement \u00e0 une relation sexuelle soit \u00e9clair\u00e9, et donc valide, une personne doit poss\u00e9der suffisamment d\u2019informations pour donner son accord. De fa\u00e7on semblable, pour que son consentement \u00e0 une relation sexuelle soit \u00e9clair\u00e9, et donc valide, une personne doit \u00eatre capable de donner son accord. Lorsqu\u2019une personne a consomm\u00e9 (alcool et\/ou drogue), son jugement peut \u00eatre affect\u00e9. On consid\u00e8re alors que cette personne n\u2019est pas en mesure de donner un consentement \u00e9clair\u00e9 \u00e0 une relation sexuelle. M\u00eame si la personne dit \u00ab oui \u00bb \u00e0 une relation sexuelle, cet acquiescement n\u2019a aucune valeur puisque la personne l\u2019ayant donn\u00e9 \u00e9tait en \u00e9tat de consommation. La m\u00eame logique s\u2019applique lorsqu\u2019une personne est endormie ou a perdu conscience.<\/p><p>Il faut faire preuve de jugement et d\u2019empathie pour reconna\u00eetre un consentement enthousiaste, et donc valide, \u00e0 une activit\u00e9 de nature sexuelle. Celui-ci peut \u00eatre communiqu\u00e9 verbalement ou non, par l\u2019utilisation de paroles et\/ou de comportements. L\u2019ensemble des paroles et comportements li\u00e9s au consentement sexuel d\u2019une personne doit \u00eatre coh\u00e9rent.<\/p><p>[\/et_pb_text][\/et_pb_column][\/et_pb_row][\/et_pb_section][et_pb_section fb_built=\"1\" _builder_version=\"4.6.5\" _module_preset=\"default\" background_color=\"#000000\" custom_padding=\"||0px|||\" global_module=\"10751\" saved_tabs=\"all\"][et_pb_row column_structure=\"1_4,1_4,1_4,1_4\" _builder_version=\"4.6.5\" _module_preset=\"default\"][et_pb_column type=\"1_4\" _builder_version=\"4.6.5\" _module_preset=\"default\"][et_pb_image src=\"http:\/\/cpivas.com\/wp-content\/uploads\/2020\/10\/CPIVAS_Logo_Rouge_AvcTaglineEmpile\u0301s_Blanc.png\" title_text=\"CPIVAS_Logo_Rouge_AvcTaglineEmpile\u0301s_Blanc\" _builder_version=\"4.6.5\" _module_preset=\"default\" background_size=\"initial\" width=\"80%\"][\/et_pb_image][\/et_pb_column][et_pb_column type=\"1_4\" _builder_version=\"4.6.5\" _module_preset=\"default\"][et_pb_text _builder_version=\"4.6.5\" _module_preset=\"default\" text_font=\"|700|||||||\" text_text_color=\"#ffffff\" header_3_font=\"Oswald||||||||\" header_3_text_color=\"#ffffff\" header_3_font_size=\"1.5em\" header_3_line_height=\"1.1em\" background_size=\"initial\"]<\/p><h3>Nos coordonn\u00e9es<\/h3><p>Tel: 450-669-9053<\/p><p>Lun. - Ven. de 8H30 \u00e0 17h00<\/p><p><span style=\"color: #e52533;\">+1 888-933-9007<br \/><\/span><span style=\"color: #e52533;\">LIGNE D'URGENCE 24H\/7J<\/span><\/p><h3>\u00a0<\/h3><h3>Adresse postale<\/h3><p>Casier postal 27543<br \/>Franchise pont viau<br \/>Laval, Qu\u00e9bec, H7G 4Y2<\/p><p>[\/et_pb_text][et_pb_social_media_follow _builder_version=\"4.6.5\" _module_preset=\"default\"][et_pb_social_media_follow_network social_network=\"facebook\" url=\"https:\/\/www.facebook.com\/cpivas\" _builder_version=\"4.6.5\" _module_preset=\"default\" background_color=\"#3b5998\" follow_button=\"off\" url_new_window=\"on\"]facebook[\/et_pb_social_media_follow_network][et_pb_social_media_follow_network social_network=\"instagram\" url=\"https:\/\/www.instagram.com\/cpivaslaval\/?hl=en\" _builder_version=\"4.6.5\" _module_preset=\"default\" background_color=\"#ea2c59\" follow_button=\"off\" url_new_window=\"on\"]instagram[\/et_pb_social_media_follow_network][et_pb_social_media_follow_network social_network=\"linkedin\" url=\"https:\/\/www.linkedin.com\/company\/56472923\/\" _builder_version=\"4.6.5\" _module_preset=\"default\" background_color=\"#007bb6\" follow_button=\"off\" url_new_window=\"on\"]linkedin[\/et_pb_social_media_follow_network][\/et_pb_social_media_follow][\/et_pb_column][et_pb_column type=\"1_4\" _builder_version=\"4.6.5\" _module_preset=\"default\"][et_pb_text _builder_version=\"4.6.5\" _module_preset=\"default\" text_font=\"|700|||||||\" text_text_color=\"#ffffff\" header_3_font=\"Oswald||||||||\" header_3_text_color=\"#ffffff\" header_3_font_size=\"1.5em\" header_3_line_height=\"1.1em\" header_4_font=\"Oswald||||||||\" header_4_text_color=\"#ffffff\" header_4_font_size=\"1.2em\" header_4_line_height=\"1.1em\" background_size=\"initial\"]<\/p><h4><a href=\"\/je-veux-de-laide\/\">Je veux de l'aide<\/a><\/h4><h4><a href=\"\/services-aux-adultes\/\">Services aux adultes<\/a><\/h4><h4><a href=\"\/services-aux-ados\/\">Services aux ados<\/a><\/h4><h4><a href=\"\/services-aux-enfants\/\">Services aux enfants<\/a><\/h4><h4><a href=\"\/services-aux-ecoles\/\">Services aux \u00e9coles<\/a><\/h4><h4><a href=\"\/services-aux-partenaires\/\">Services aux organismes et aux partenaires<\/a><\/h4><h4><a href=\"\/je-veux-comprendre\/\">Je veux comprendre<\/a><\/h4><h4><a href=\"\/mythes-et-prejuges\/\">Mythes et pr\u00e9jug\u00e9s<\/a><\/h4><p>\u00a0<\/p><p>[\/et_pb_text][\/et_pb_column][et_pb_column type=\"1_4\" _builder_version=\"4.6.5\" _module_preset=\"default\"][et_pb_text _builder_version=\"4.6.5\" _module_preset=\"default\" text_font=\"|700|||||||\" text_text_color=\"#ffffff\" header_3_font=\"Oswald||||||||\" header_3_text_color=\"#ffffff\" header_3_font_size=\"1.5em\" header_3_line_height=\"1.1em\" header_4_font=\"Oswald||||||||\" header_4_text_color=\"#ffffff\" header_4_font_size=\"1.2em\" header_4_line_height=\"1.1em\" background_size=\"initial\" custom_padding=\"0px|||||\"]<\/p><h4><a href=\"\/statistiques\/\">Statistiques<\/a><\/h4><h4><a href=\"\/le-consentement\/\">Le consentement<\/a><\/h4><h4><a href=\"\/devoilement\/\">D\u00e9voilement<\/a><\/h4><h4><a href=\"\/ressources\/\">Ressources<\/a><\/h4><h4><a href=\"\/documentation\/\">Documentation<\/a><\/h4><h4><a href=\"\/je-veux-contribuer\/\">Je veux contribuer<\/a><\/h4><h4><a href=\"\/notre-impact\/\">Notre impact<\/a><\/h4><h4><a href=\"\/faire-un-don\/\">Faire un don<\/a><\/h4><h4><a href=\"\/devenir-partenaire\/\">Devenir partenaire<\/a><\/h4><h4><a href=\"\/devenir-membre\/\">Devenir membre<\/a><\/h4><p>\u00a0<\/p><p>[\/et_pb_text][\/et_pb_column][\/et_pb_row][\/et_pb_section]<\/p>","_et_gb_content_width":"","footnotes":""},"class_list":["post-11676","page","type-page","status-publish","hentry"],"aioseo_notices":[],"_links":{"self":[{"href":"https:\/\/cpivas.com\/en\/wp-json\/wp\/v2\/pages\/11676","targetHints":{"allow":["GET"]}}],"collection":[{"href":"https:\/\/cpivas.com\/en\/wp-json\/wp\/v2\/pages"}],"about":[{"href":"https:\/\/cpivas.com\/en\/wp-json\/wp\/v2\/types\/page"}],"author":[{"embeddable":true,"href":"https:\/\/cpivas.com\/en\/wp-json\/wp\/v2\/users\/16"}],"replies":[{"embeddable":true,"href":"https:\/\/cpivas.com\/en\/wp-json\/wp\/v2\/comments?post=11676"}],"version-history":[{"count":6,"href":"https:\/\/cpivas.com\/en\/wp-json\/wp\/v2\/pages\/11676\/revisions"}],"predecessor-version":[{"id":12241,"href":"https:\/\/cpivas.com\/en\/wp-json\/wp\/v2\/pages\/11676\/revisions\/12241"}],"wp:attachment":[{"href":"https:\/\/cpivas.com\/en\/wp-json\/wp\/v2\/media?parent=11676"}],"curies":[{"name":"wp","href":"https:\/\/api.w.org\/{rel}","templated":true}]}}