{"id":11669,"date":"2021-02-22T17:01:33","date_gmt":"2021-02-22T17:01:33","guid":{"rendered":"https:\/\/cpivas.com\/?page_id=11669"},"modified":"2023-10-25T03:20:45","modified_gmt":"2023-10-25T03:20:45","slug":"statistics","status":"publish","type":"page","link":"https:\/\/cpivas.com\/en\/statistics\/","title":{"rendered":"Statistics"},"content":{"rendered":"<p>[et_pb_section fb_built=&#8221;1&#8243; _builder_version=&#8221;4.16&#8243; _module_preset=&#8221;default&#8221; use_background_color_gradient=&#8221;on&#8221; background_color_gradient_stops=&#8221;rgba(255,255,255,0.88) 0%|rgba(255,255,255,0.88) 100%&#8221; background_color_gradient_overlays_image=&#8221;on&#8221; background_color_gradient_start=&#8221;rgba(255,255,255,0.88)&#8221; background_color_gradient_end=&#8221;rgba(255,255,255,0.88)&#8221; background_image=&#8221;https:\/\/cpivas.com\/wp-content\/uploads\/2020\/10\/SignedEgalite_Gris.png&#8221; background_size=&#8221;contain&#8221; global_colors_info=&#8221;{}&#8221;][et_pb_row column_structure=&#8221;1_4,1_2,1_4&#8243; _builder_version=&#8221;4.16&#8243; _module_preset=&#8221;default&#8221; global_colors_info=&#8221;{}&#8221; header_font_size_tablet=&#8221;4em&#8221; header_font_size_phone=&#8221;3.3em&#8221; header_font_size_last_edited=&#8221;on|phone&#8221;][et_pb_column type=&#8221;1_4&#8243; _builder_version=&#8221;4.16&#8243; _module_preset=&#8221;default&#8221; global_colors_info=&#8221;{}&#8221;][\/et_pb_column][et_pb_column type=&#8221;1_2&#8243; _builder_version=&#8221;4.16&#8243; _module_preset=&#8221;default&#8221; global_colors_info=&#8221;{}&#8221;][et_pb_text _builder_version=&#8221;4.16&#8243; _module_preset=&#8221;default&#8221; header_font=&#8221;|||on|||||&#8221; header_font_size=&#8221;4.3em&#8221; header_line_height=&#8221;1.1em&#8221; header_font_size_tablet=&#8221;4em&#8221; header_font_size_phone=&#8221;3.3em&#8221; header_font_size_last_edited=&#8221;on|phone&#8221; global_colors_info=&#8221;{}&#8221;]<\/p>\n<h1 style=\"text-align: center;\"><span style=\"color: #97559e;\">Statistics<\/span><\/h1>\n<p>[\/et_pb_text][\/et_pb_column][et_pb_column type=&#8221;1_4&#8243; _builder_version=&#8221;4.16&#8243; _module_preset=&#8221;default&#8221; global_colors_info=&#8221;{}&#8221;][\/et_pb_column][\/et_pb_row][\/et_pb_section][et_pb_section fb_built=&#8221;1&#8243; _builder_version=&#8221;4.16&#8243; _module_preset=&#8221;default&#8221; custom_padding=&#8221;2px||2%||false|false&#8221; locked=&#8221;off&#8221; global_colors_info=&#8221;{}&#8221;][et_pb_row column_structure=&#8221;1_5,3_5,1_5&#8243; _builder_version=&#8221;4.16&#8243; _module_preset=&#8221;default&#8221; custom_padding=&#8221;59px|||||&#8221; global_colors_info=&#8221;{}&#8221;][et_pb_column type=&#8221;1_5&#8243; _builder_version=&#8221;4.16&#8243; _module_preset=&#8221;default&#8221; global_colors_info=&#8221;{}&#8221;][\/et_pb_column][et_pb_column type=&#8221;3_5&#8243; _builder_version=&#8221;4.16&#8243; _module_preset=&#8221;default&#8221; global_colors_info=&#8221;{}&#8221;][et_pb_text _builder_version=&#8221;4.21.0&#8243; _module_preset=&#8221;default&#8221; header_2_font=&#8221;|||on|||||&#8221; header_2_font_size=&#8221;3em&#8221; global_colors_info=&#8221;{}&#8221;]<\/p>\n<ul>\n<li>The rate of sexual offences reported by police forces shows an upward trend over the decade (+78.1%). In 2020, the offence rate stood at 110 cases per 100,000 inhabitants.<\/li>\n<\/ul>\n<ul>\n<li>However, it was in the \u201cOther sexual offences\u201d category that we noted the most significant increase (+2.5%), with 119 more crimes recorded than in 2019.<\/li>\n<\/ul>\n<ul>\n<li>(<a href=\"https:\/\/cdn-contenu.quebec.ca\/cdn-contenu\/adm\/min\/securite-publique\/publications-adm\/publications-secteurs\/police\/statistiques-criminalite\/infractions-sexuelles\/stats_infr_sexuelles_2020.pdf\">Minist\u00e8re de la S\u00e9curit\u00e9 publique, 2020.pdf<\/a><span><span><span>)<\/span><\/span><\/span><\/li>\n<\/ul>\n<ul>\n<li>In Canada, only 5% of sexual crimes are reported to the police<b>. <\/b>\n<p><b><\/b><\/p>\n<p><b><\/b><\/p>\n<\/li>\n<li>(Statistics Canada, 2019<strong>, <\/strong><span><span><span><a href=\"https:\/\/rqcalacs.qc.ca\/en\/un-enjeu-social\/\">RQCALACS<\/a><\/span><\/span><\/span>\n<p>&nbsp;<\/p>\n<\/li>\n<li>The rate of women victims of sexual assault is nearly 8 times higher than that of men (<span><a href=\"https:\/\/cdn-contenu.quebec.ca\/cdn-contenu\/adm\/min\/securite-publique\/publications-adm\/publications-secteurs\/police\/statistiques-criminalite\/infractions-sexuelles\/stats_infr_sexuelles_2020.pdf\">Minist\u00e8re de la S\u00e9curit\u00e9 publique, 2020.pdf<\/a><\/span><span><span><span>).<\/span><\/span><\/span><\/li>\n<\/ul>\n<ul>\n<li>\u201cIn nearly 9 cases out of 10, the person accused of committing the sexual assault is a boy or a man.\u201d (<a href=\"https:\/\/www.inspq.qc.ca\/en\/sexual-assault\/statistics\/youth\">INSPQ, 2022)<\/a><\/li>\n<\/ul>\n<ul>\n<li>Non-consensual publication of intimate images stands out from other sexual offences, with the lowest proportion of alleged male perpetrators, at 79.1%. (<span><a href=\"https:\/\/cdn-contenu.quebec.ca\/cdn-contenu\/adm\/min\/securite-publique\/publications-adm\/publications-secteurs\/police\/statistiques-criminalite\/infractions-sexuelles\/stats_infr_sexuelles_2020.pdf\">Minist\u00e8re de la S\u00e9curit\u00e9 publique, 2020.pdf<\/a><\/span><span><span>)<\/span><\/span><\/li>\n<\/ul>\n<ul>\n<li>\u201cYouth aged 15 to 24 are the age group with the largest proportion of sexual assault victims.\u201d (<span><a href=\"https:\/\/www.inspq.qc.ca\/en\/sexual-assault\/statistics\/youth\">INSPQ, 2022<\/a><\/span>)<\/li>\n<\/ul>\n<ul>\n<li>Minor victims have the highest rates. The 15- to 17-year-old group has a rate of 430.5 victims per 100,000 young people, and the 12- to 14-year-old group has a rate of 282.2. Rates of victims of other sexual offences are also highest among 12- to 14-year-olds (459.7) and 15- to 17-year-olds (228.3).<\/li>\n<\/ul>\n<ul>\n<li>(<span><a href=\"https:\/\/cdn-contenu.quebec.ca\/cdn-contenu\/adm\/min\/securite-publique\/publications-adm\/publications-secteurs\/police\/statistiques-criminalite\/infractions-sexuelles\/stats_infr_sexuelles_2020.pdf\">Minist\u00e8re de la S\u00e9curit\u00e9 publique, 2020.pdf)<\/a><\/span><\/li>\n<\/ul>\n<p><span><\/span><\/p>\n<ul>\n<li>More than 8 out of 10 victims knew their attacker. (<span><a href=\"https:\/\/www.inspq.qc.ca\/en\/sexual-assault\/statistics\/youth\">INSPQ, 2022<\/a><\/span>)<\/li>\n<\/ul>\n<ul>\n<li>Among those meeting the criteria for probable PTSD, sexual assault (14%) was the most frequently reported traumatic event.<\/li>\n<\/ul>\n<ul>\n<li>The proportion of young adults (age 18 to 24) with probable PTSD is more than four times higher than that recorded among older people (age 65 and over).<\/li>\n<\/ul>\n<ul>\n<li>(<a href=\"https:\/\/www.statcan.gc.ca\/o1\/en\/plus\/1272-national-post-traumatic-stress-disorder-awareness-day\">National PTSD Awareness Day\u2014StatCanada)<\/a><\/li>\n<\/ul>\n<p>[\/et_pb_text][\/et_pb_column][et_pb_column type=&#8221;1_5&#8243; _builder_version=&#8221;4.16&#8243; _module_preset=&#8221;default&#8221; global_colors_info=&#8221;{}&#8221;][\/et_pb_column][\/et_pb_row][\/et_pb_section][et_pb_section fb_built=&#8221;1&#8243; _builder_version=&#8221;4.6.5&#8243; _module_preset=&#8221;default&#8221; background_color=&#8221;#000000&#8243; custom_padding=&#8221;||0px|||&#8221; global_module=&#8221;11584&#8243; saved_tabs=&#8221;all&#8221; locked=&#8221;off&#8221; global_colors_info=&#8221;{}&#8221;][et_pb_row column_structure=&#8221;1_4,1_4,1_4,1_4&#8243; _builder_version=&#8221;4.16&#8243; _module_preset=&#8221;default&#8221; global_colors_info=&#8221;{}&#8221;][et_pb_column type=&#8221;1_4&#8243; _builder_version=&#8221;4.16&#8243; _module_preset=&#8221;default&#8221; global_colors_info=&#8221;{}&#8221;][et_pb_image src=&#8221;https:\/\/cpivas.com\/wp-content\/uploads\/2020\/10\/CPIVAS_Logo_Rouge_AvcTaglineEmpile\u0301s_Blanc.png&#8221; title_text=&#8221;CPIVAS_Logo_Rouge_AvcTaglineEmpile\u0301s_Blanc&#8221; _builder_version=&#8221;4.16&#8243; _module_preset=&#8221;default&#8221; background_size=&#8221;initial&#8221; width=&#8221;80%&#8221; global_colors_info=&#8221;{}&#8221;][\/et_pb_image][\/et_pb_column][et_pb_column type=&#8221;1_4&#8243; _builder_version=&#8221;4.16&#8243; _module_preset=&#8221;default&#8221; global_colors_info=&#8221;{}&#8221;][et_pb_text _builder_version=&#8221;4.16&#8243; _module_preset=&#8221;default&#8221; text_font=&#8221;|700|||||||&#8221; text_text_color=&#8221;#ffffff&#8221; header_3_font=&#8221;Oswald||||||||&#8221; header_3_text_color=&#8221;#ffffff&#8221; header_3_font_size=&#8221;1.5em&#8221; header_3_line_height=&#8221;1.1em&#8221; background_size=&#8221;initial&#8221; global_colors_info=&#8221;{}&#8221;]<\/p>\n<h3>Contact Information<\/h3>\n<p>Phone: 450-669-9053<\/p>\n<p>Email:<br \/><a style=\"color: #e52533;\" href=\"mailto:administration@cpivas.com\" target=\"_blank\" rel=\"noopener noreferrer\">administration@cpivas.com<\/a><\/p>\n<p><a style=\"color: #e52533;\" href=\"mailto:administration@cpivas.com\" target=\"_blank\" rel=\"noopener noreferrer\">demandeaide@cpivas.com<\/a><\/p>\n<p><span>Mon &#8211; Fri<\/span> from 8am to 5pm<\/p>\n<p><span style=\"color: #e52533;\">+1 888-933-9007<br \/><\/span><span style=\"color: #e52533;\">EMERGENCY LINE 24H\/7d<\/span><\/p>\n<h3><\/h3>\n<h3>Postal Address<\/h3>\n<p>Post office box 27543<br \/>Pont Viau franchise<br \/>Laval, Qu\u00e9bec, H7G 4Y2<\/p>\n<p>[\/et_pb_text][et_pb_social_media_follow _builder_version=&#8221;4.16&#8243; _module_preset=&#8221;default&#8221; global_colors_info=&#8221;{}&#8221;][et_pb_social_media_follow_network social_network=&#8221;facebook&#8221; url=&#8221;https:\/\/www.facebook.com\/cpivas&#8221; _builder_version=&#8221;4.16&#8243; _module_preset=&#8221;default&#8221; background_color=&#8221;#3b5998&#8243; global_colors_info=&#8221;{}&#8221; follow_button=&#8221;off&#8221; url_new_window=&#8221;on&#8221;]facebook[\/et_pb_social_media_follow_network][et_pb_social_media_follow_network social_network=&#8221;instagram&#8221; url=&#8221;https:\/\/www.instagram.com\/cpivaslaval\/?hl=en&#8221; _builder_version=&#8221;4.16&#8243; _module_preset=&#8221;default&#8221; background_color=&#8221;#ea2c59&#8243; global_colors_info=&#8221;{}&#8221; follow_button=&#8221;off&#8221; url_new_window=&#8221;on&#8221;]instagram[\/et_pb_social_media_follow_network][et_pb_social_media_follow_network social_network=&#8221;linkedin&#8221; url=&#8221;https:\/\/www.linkedin.com\/company\/56472923\/&#8221; _builder_version=&#8221;4.16&#8243; _module_preset=&#8221;default&#8221; background_color=&#8221;#007bb6&#8243; global_colors_info=&#8221;{}&#8221; follow_button=&#8221;off&#8221; url_new_window=&#8221;on&#8221;]linkedin[\/et_pb_social_media_follow_network][\/et_pb_social_media_follow][\/et_pb_column][et_pb_column type=&#8221;1_4&#8243; _builder_version=&#8221;4.16&#8243; _module_preset=&#8221;default&#8221; global_colors_info=&#8221;{}&#8221;][et_pb_text _builder_version=&#8221;4.16&#8243; _module_preset=&#8221;default&#8221; text_font=&#8221;|700|||||||&#8221; text_text_color=&#8221;#ffffff&#8221; header_3_font=&#8221;Oswald||||||||&#8221; header_3_text_color=&#8221;#ffffff&#8221; header_3_font_size=&#8221;1.5em&#8221; header_3_line_height=&#8221;1.1em&#8221; header_4_font=&#8221;Oswald||||||||&#8221; header_4_text_color=&#8221;#ffffff&#8221; header_4_font_size=&#8221;1.2em&#8221; header_4_line_height=&#8221;1.1em&#8221; background_size=&#8221;initial&#8221; global_colors_info=&#8221;{}&#8221;]<\/p>\n<h4><a href=\"\/en\/i-want-help\/\">I want help<\/a><\/h4>\n<h4><a href=\"\/en\/services-for-adults\/\">Services for adults<\/a><\/h4>\n<h4><a href=\"\/en\/services-for-adolescents\/\">Services for adolescents<\/a><\/h4>\n<h4><a href=\"\/en\/services-for-children\/\">Services for children<\/a><\/h4>\n<h4><a href=\"\/en\/services-for-schools\/\">Services for schools<\/a><\/h4>\n<h4><a href=\"\/en\/services-to-organizations-and-partners\/\">Services to organizations and partners<\/a><\/h4>\n<h4><a href=\"\/en\/i-want-to-understand\/\">I want to understand<\/a><\/h4>\n<h4><a href=\"\/en\/myths-and-biases\/\">Myths and biases<\/a><\/h4>\n<p>&nbsp;<\/p>\n<p>[\/et_pb_text][\/et_pb_column][et_pb_column type=&#8221;1_4&#8243; _builder_version=&#8221;4.16&#8243; _module_preset=&#8221;default&#8221; global_colors_info=&#8221;{}&#8221;][et_pb_text _builder_version=&#8221;4.16&#8243; _module_preset=&#8221;default&#8221; text_font=&#8221;|700|||||||&#8221; text_text_color=&#8221;#ffffff&#8221; header_3_font=&#8221;Oswald||||||||&#8221; header_3_text_color=&#8221;#ffffff&#8221; header_3_font_size=&#8221;1.5em&#8221; header_3_line_height=&#8221;1.1em&#8221; header_4_font=&#8221;Oswald||||||||&#8221; header_4_text_color=&#8221;#ffffff&#8221; header_4_font_size=&#8221;1.2em&#8221; header_4_line_height=&#8221;1.1em&#8221; background_size=&#8221;initial&#8221; custom_padding=&#8221;0px|||||&#8221; global_colors_info=&#8221;{}&#8221;]<\/p>\n<h4><a href=\"\/en\/statistics\/\">Statistics<\/a><\/h4>\n<h4><a href=\"\/en\/consent\/\">Consent<\/a><\/h4>\n<h4><a href=\"\/en\/disclosure\/\">Disclosure<\/a><\/h4>\n<h4><a href=\"\/en\/resources\/\">Resources<\/a><\/h4>\n<h4><a href=\"\/en\/references\/\">References<\/a><\/h4>\n<h4><a href=\"\/en\/i-want-to-contribute\/\">I want to contribute<\/a><\/h4>\n<h4><a href=\"\/en\/our-impact\">Our impact<\/a><\/h4>\n<h4><a href=\"\/en\/make-a-donation\/\">Make a donation<\/a><\/h4>\n<h4><a href=\"\/en\/partner-with-us\/\">Partner with us<\/a><\/h4>\n<h4><a href=\"\/en\/become-a-member\/\">Become a Member<\/a><\/h4>\n<p>&nbsp;<\/p>\n<p>[\/et_pb_text][\/et_pb_column][\/et_pb_row][\/et_pb_section]<\/p>\n","protected":false},"excerpt":{"rendered":"<p>Statistics The rate of sexual offences reported by police forces shows an upward trend over the decade (+78.1%). In 2020, the offence rate stood at 110 cases per 100,000 inhabitants. [&hellip;]<\/p>\n","protected":false},"author":16,"featured_media":0,"parent":0,"menu_order":15,"comment_status":"closed","ping_status":"closed","template":"","meta":{"_et_pb_use_builder":"on","_et_pb_old_content":"<p>[et_pb_section fb_built=\"1\" _builder_version=\"4.6.5\" _module_preset=\"default\" use_background_color_gradient=\"on\" background_color_gradient_start=\"rgba(255,255,255,0.88)\" background_color_gradient_end=\"rgba(255,255,255,0.88)\" background_color_gradient_overlays_image=\"on\" background_image=\"http:\/\/cpivas.com\/wp-content\/uploads\/2020\/10\/SignedEgalite_Gris.png\" background_size=\"contain\"][et_pb_row column_structure=\"1_4,1_2,1_4\" _builder_version=\"4.6.5\" _module_preset=\"default\" header_font=\"|||on|||||\" header_font_size=\"4.3em\" header_font_size_tablet=\"4em\" header_font_size_phone=\"3.3em\" header_font_size_last_edited=\"on|phone\" header_line_height=\"1.1em\"][et_pb_column type=\"1_4\" _builder_version=\"4.6.5\" _module_preset=\"default\"][\/et_pb_column][et_pb_column type=\"1_2\" _builder_version=\"4.6.5\" _module_preset=\"default\"][et_pb_text _builder_version=\"4.6.5\" _module_preset=\"default\" header_font=\"|||on|||||\" header_font_size=\"4.3em\" header_line_height=\"1.1em\" hover_enabled=\"0\" header_font_size_tablet=\"4em\" header_font_size_phone=\"3.3em\" header_font_size_last_edited=\"on|phone\" sticky_enabled=\"0\"]<\/p><h1 style=\"text-align: center;\"><span style=\"color: #97559e;\">Statistiques<\/span><\/h1><p>[\/et_pb_text][\/et_pb_column][et_pb_column type=\"1_4\" _builder_version=\"4.6.5\" _module_preset=\"default\"][\/et_pb_column][\/et_pb_row][\/et_pb_section][et_pb_section fb_built=\"1\" _builder_version=\"4.6.5\" _module_preset=\"default\" custom_padding=\"2px||2%||false|false\" locked=\"off\"][et_pb_row column_structure=\"1_5,3_5,1_5\" _builder_version=\"4.6.5\" _module_preset=\"default\" custom_padding=\"59px|||||\"][et_pb_column type=\"1_5\" _builder_version=\"4.6.5\" _module_preset=\"default\"][\/et_pb_column][et_pb_column type=\"3_5\" _builder_version=\"4.6.5\" _module_preset=\"default\"][et_pb_text _builder_version=\"4.6.5\" _module_preset=\"default\" header_2_font=\"|||on|||||\" header_2_font_size=\"3em\"]<\/p><p>Entre 2015 et 2016, les policiers du Qu\u00e9bec ont enregistr\u00e9 <strong>une hausse de 248,1 % de plaintes<\/strong> pour la publication non consensuelle d\u2019images <a href=\"https:\/\/www.securitepublique.gouv.qc.ca\/fileadmin\/Documents\/police\/statistiques\/infractions_sexuelles\/infractions_sexuelles_2014.pdf\" target=\"_blank\" rel=\"noopener noreferrer\">(Minist\u00e8re de la s\u00e9curit\u00e9 publique, 2016)<\/a><\/p><p><strong>1 femme sur 3<\/strong> et <strong>1 homme sur 6<\/strong> subirait au moins une agression sexuelle au cours de sa vie <a href=\"http:\/\/www.rqcalacs.qc.ca\/statistiques.php\" target=\"_blank\" rel=\"noopener noreferrer\">(ROCALACS)<\/a><\/p><p>96,2% des auteurs <strong>pr\u00e9sum\u00e9s d\u2019infractions sexuelles sont de sexe masculin<\/strong> <a href=\"https:\/\/www.securitepublique.gouv.qc.ca\/fileadmin\/Documents\/police\/statistiques\/infractions_sexuelles\/infractions_sexuelles_2014.pdf\" target=\"_blank\" rel=\"noopener noreferrer\">(Minist\u00e8re de la S\u00e9curit\u00e9 publique du Qu\u00e9bec, 2016)<\/a><\/p><p>3,8% des auteurs <strong>pr\u00e9sum\u00e9s d\u2019infractions sexuelles sont de sexe f\u00e9minin<\/strong> <a href=\"https:\/\/www.securitepublique.gouv.qc.ca\/fileadmin\/Documents\/police\/statistiques\/infractions_sexuelles\/infractions_sexuelles_2014.pdf\" target=\"_blank\" rel=\"noopener noreferrer\">(Minist\u00e8re de la S\u00e9curit\u00e9 publique du Qu\u00e9bec, 2016).<\/a><\/p><p>Pr\u00e8s de la moiti\u00e9 (46,4%) des victimes de violence sexuelle au Qu\u00e9bec <strong>sont \u00e2g\u00e9s de moins de 18 ans.<\/strong> De ce nombre, 4,4% ont moins de 6 ans <a href=\"https:\/\/www.securitepublique.gouv.qc.ca\/fileadmin\/Documents\/police\/statistiques\/infractions_sexuelles\/infractions_sexuelles_2014.pdf\" target=\"_blank\" rel=\"noopener noreferrer\">(Minist\u00e8re de la s\u00e9curit\u00e9 publique du Qu\u00e9bec, 2016).<\/a><\/p><p>Au Qu\u00e9bec, les enfants de 6 \u00e0 11 ans <strong>repr\u00e9sentent 36.2% des victimes d\u2019inceste<\/strong> <a href=\"https:\/\/www.securitepublique.gouv.qc.ca\/fileadmin\/Documents\/police\/statistiques\/infractions_sexuelles\/infractions_sexuelles_2014.pdf\" target=\"_blank\" rel=\"noopener noreferrer\">(Minist\u00e8re de la S\u00e9curit\u00e9 publique du Qu\u00e9bec, 2016).<\/a><\/p><p>L\u2019inceste serait <strong>\u00ab le secret le mieux gard\u00e9 par les familles \u00bb<\/strong> <a href=\"https:\/\/www.securitepublique.gouv.qc.ca\/fileadmin\/Documents\/police\/statistiques\/infractions_sexuelles\/infractions_sexuelles_2014.pdf\" target=\"_blank\" rel=\"noopener noreferrer\">(Minist\u00e8re de la S\u00e9curit\u00e9 publique du Qu\u00e9bec, 2016). <\/a><\/p><p>84,2% des jeunes victimes <strong>connaissent l\u2019auteur pr\u00e9sum\u00e9<\/strong> <a href=\"http:\/\/www.scf.gouv.qc.ca\/fileadmin\/Documents\/Violences\/Brochure_Violences_Sexuelles.pdf\" target=\"_blank\" rel=\"noopener noreferrer\">(Secr\u00e9tariat \u00e0 la condition f\u00e9minine, 2016).<\/a><\/p><p>Les auteurs pr\u00e9sum\u00e9s d\u2019infractions sexuelles sont des connaissances de la victime <strong>(20,5%)<\/strong> des \u00e9trangers <strong>(13,9 %)<\/strong> et des conjoints, ex-conjoints, amis intimes ou ex-amis intimes <strong>(13,9 %)<\/strong> ou un membre de la parent\u00e9 (parent, beau-p\u00e8re ou belle-m\u00e8re, autre membre de la famille imm\u00e9diate et parent \u00e9loign\u00e9) dans une proportion de <strong>23,4 %<\/strong>. <a href=\"https:\/\/www.securitepublique.gouv.qc.ca\/fileadmin\/Documents\/police\/statistiques\/infractions_sexuelles\/infractions_sexuelles_2014.pdf\" target=\"_blank\" rel=\"noopener noreferrer\">(Minist\u00e8re de la s\u00e9curit\u00e9 publique, 2016).<\/a><\/p><p>25% des auteurs pr\u00e9sum\u00e9s d\u2019infractions sexuelles au Qu\u00e9bec <strong>n\u2019ont pas atteint l\u2019\u00e2ge de la majorit\u00e9<\/strong> et sont responsables de 33,7% des infractions sexuelles perp\u00e9tr\u00e9es sur des personnes mineures <a href=\"https:\/\/www.securitepublique.gouv.qc.ca\/fileadmin\/Documents\/police\/statistiques\/infractions_sexuelles\/infractions_sexuelles_2014.pdf\" target=\"_blank\" rel=\"noopener noreferrer\">(Minist\u00e8re de la S\u00e9curit\u00e9 publique du Qu\u00e9bec, 2016).<\/a><\/p><p>1 victime sur 6 a d\u00e9clar\u00e9 avoir subi <strong>au moins trois cons\u00e9quences \u00e9motionnelles \u00e0 long terme,<\/strong> ce qui r\u00e9v\u00e8le la possibilit\u00e9 de trouble de stress post-traumatique <a href=\"https:\/\/www150.statcan.gc.ca\/n1\/pub\/85-002-x\/2017001\/article\/14842-fra.htm\" target=\"_blank\" rel=\"noopener noreferrer\">(Statistique Canada, 2017).<\/a><\/p><p>[\/et_pb_text][\/et_pb_column][et_pb_column type=\"1_5\" _builder_version=\"4.6.5\" _module_preset=\"default\"][\/et_pb_column][\/et_pb_row][\/et_pb_section][et_pb_section fb_built=\"1\" _builder_version=\"4.6.5\" _module_preset=\"default\" background_color=\"#000000\" custom_padding=\"||0px|||\" global_module=\"10751\" saved_tabs=\"all\"][et_pb_row column_structure=\"1_4,1_4,1_4,1_4\" _builder_version=\"4.6.5\" _module_preset=\"default\"][et_pb_column type=\"1_4\" _builder_version=\"4.6.5\" _module_preset=\"default\"][et_pb_image src=\"http:\/\/cpivas.com\/wp-content\/uploads\/2020\/10\/CPIVAS_Logo_Rouge_AvcTaglineEmpile\u0301s_Blanc.png\" title_text=\"CPIVAS_Logo_Rouge_AvcTaglineEmpile\u0301s_Blanc\" _builder_version=\"4.6.5\" _module_preset=\"default\" background_size=\"initial\" width=\"80%\"][\/et_pb_image][\/et_pb_column][et_pb_column type=\"1_4\" _builder_version=\"4.6.5\" _module_preset=\"default\"][et_pb_text _builder_version=\"4.6.5\" _module_preset=\"default\" text_font=\"|700|||||||\" text_text_color=\"#ffffff\" header_3_font=\"Oswald||||||||\" header_3_text_color=\"#ffffff\" header_3_font_size=\"1.5em\" header_3_line_height=\"1.1em\" background_size=\"initial\"]<\/p><h3>Nos coordonn\u00e9es<\/h3><p>Tel: 450-669-9053<\/p><p>Lun. - Ven. de 8H30 \u00e0 17h00<\/p><p><span style=\"color: #e52533;\">+1 888-933-9007<br \/><\/span><span style=\"color: #e52533;\">LIGNE D'URGENCE 24H\/7J<\/span><\/p><h3>\u00a0<\/h3><h3>Adresse postale<\/h3><p>Casier postal 27543<br \/>Franchise pont viau<br \/>Laval, Qu\u00e9bec, H7G 4Y2<\/p><p>[\/et_pb_text][et_pb_social_media_follow _builder_version=\"4.6.5\" _module_preset=\"default\"][et_pb_social_media_follow_network social_network=\"facebook\" url=\"https:\/\/www.facebook.com\/cpivas\" _builder_version=\"4.6.5\" _module_preset=\"default\" background_color=\"#3b5998\" follow_button=\"off\" url_new_window=\"on\"]facebook[\/et_pb_social_media_follow_network][et_pb_social_media_follow_network social_network=\"instagram\" url=\"https:\/\/www.instagram.com\/cpivaslaval\/?hl=en\" _builder_version=\"4.6.5\" _module_preset=\"default\" background_color=\"#ea2c59\" follow_button=\"off\" url_new_window=\"on\"]instagram[\/et_pb_social_media_follow_network][et_pb_social_media_follow_network social_network=\"linkedin\" url=\"https:\/\/www.linkedin.com\/company\/56472923\/\" _builder_version=\"4.6.5\" _module_preset=\"default\" background_color=\"#007bb6\" follow_button=\"off\" url_new_window=\"on\"]linkedin[\/et_pb_social_media_follow_network][\/et_pb_social_media_follow][\/et_pb_column][et_pb_column type=\"1_4\" _builder_version=\"4.6.5\" _module_preset=\"default\"][et_pb_text _builder_version=\"4.6.5\" _module_preset=\"default\" text_font=\"|700|||||||\" text_text_color=\"#ffffff\" header_3_font=\"Oswald||||||||\" header_3_text_color=\"#ffffff\" header_3_font_size=\"1.5em\" header_3_line_height=\"1.1em\" header_4_font=\"Oswald||||||||\" header_4_text_color=\"#ffffff\" header_4_font_size=\"1.2em\" header_4_line_height=\"1.1em\" background_size=\"initial\"]<\/p><h4><a href=\"\/je-veux-de-laide\/\">Je veux de l'aide<\/a><\/h4><h4><a href=\"\/services-aux-adultes\/\">Services aux adultes<\/a><\/h4><h4><a href=\"\/services-aux-ados\/\">Services aux ados<\/a><\/h4><h4><a href=\"\/services-aux-enfants\/\">Services aux enfants<\/a><\/h4><h4><a href=\"\/services-aux-ecoles\/\">Services aux \u00e9coles<\/a><\/h4><h4><a href=\"\/services-aux-partenaires\/\">Services aux organismes et aux partenaires<\/a><\/h4><h4><a href=\"\/je-veux-comprendre\/\">Je veux comprendre<\/a><\/h4><h4><a href=\"\/mythes-et-prejuges\/\">Mythes et pr\u00e9jug\u00e9s<\/a><\/h4><p>\u00a0<\/p><p>[\/et_pb_text][\/et_pb_column][et_pb_column type=\"1_4\" _builder_version=\"4.6.5\" _module_preset=\"default\"][et_pb_text _builder_version=\"4.6.5\" _module_preset=\"default\" text_font=\"|700|||||||\" text_text_color=\"#ffffff\" header_3_font=\"Oswald||||||||\" header_3_text_color=\"#ffffff\" header_3_font_size=\"1.5em\" header_3_line_height=\"1.1em\" header_4_font=\"Oswald||||||||\" header_4_text_color=\"#ffffff\" header_4_font_size=\"1.2em\" header_4_line_height=\"1.1em\" background_size=\"initial\" custom_padding=\"0px|||||\"]<\/p><h4><a href=\"\/statistiques\/\">Statistiques<\/a><\/h4><h4><a href=\"\/le-consentement\/\">Le consentement<\/a><\/h4><h4><a href=\"\/devoilement\/\">D\u00e9voilement<\/a><\/h4><h4><a href=\"\/ressources\/\">Ressources<\/a><\/h4><h4><a href=\"\/documentation\/\">Documentation<\/a><\/h4><h4><a href=\"\/je-veux-contribuer\/\">Je veux contribuer<\/a><\/h4><h4><a href=\"\/notre-impact\/\">Notre impact<\/a><\/h4><h4><a href=\"\/faire-un-don\/\">Faire un don<\/a><\/h4><h4><a href=\"\/devenir-partenaire\/\">Devenir partenaire<\/a><\/h4><h4><a href=\"\/devenir-membre\/\">Devenir membre<\/a><\/h4><p>\u00a0<\/p><p>[\/et_pb_text][\/et_pb_column][\/et_pb_row][\/et_pb_section]<\/p>","_et_gb_content_width":"","footnotes":""},"class_list":["post-11669","page","type-page","status-publish","hentry"],"aioseo_notices":[],"_links":{"self":[{"href":"https:\/\/cpivas.com\/en\/wp-json\/wp\/v2\/pages\/11669","targetHints":{"allow":["GET"]}}],"collection":[{"href":"https:\/\/cpivas.com\/en\/wp-json\/wp\/v2\/pages"}],"about":[{"href":"https:\/\/cpivas.com\/en\/wp-json\/wp\/v2\/types\/page"}],"author":[{"embeddable":true,"href":"https:\/\/cpivas.com\/en\/wp-json\/wp\/v2\/users\/16"}],"replies":[{"embeddable":true,"href":"https:\/\/cpivas.com\/en\/wp-json\/wp\/v2\/comments?post=11669"}],"version-history":[{"count":9,"href":"https:\/\/cpivas.com\/en\/wp-json\/wp\/v2\/pages\/11669\/revisions"}],"predecessor-version":[{"id":12220,"href":"https:\/\/cpivas.com\/en\/wp-json\/wp\/v2\/pages\/11669\/revisions\/12220"}],"wp:attachment":[{"href":"https:\/\/cpivas.com\/en\/wp-json\/wp\/v2\/media?parent=11669"}],"curies":[{"name":"wp","href":"https:\/\/api.w.org\/{rel}","templated":true}]}}